
     {"id":15527,"date":"2021-09-24T17:37:54","date_gmt":"2021-09-24T17:37:54","guid":{"rendered":"https:\/\/www.iszn.ch\/cognita-family\/"},"modified":"2026-02-04T08:33:14","modified_gmt":"2026-02-04T08:33:14","slug":"die-cognita-familie","status":"publish","type":"page","link":"https:\/\/www.iszn.ch\/de\/die-cognita-familie\/","title":{"rendered":"Die Cognita Familie"},"content":{"rendered":"<div class=\"wpb-content-wrapper\"><p>[vc_row][vc_column]<section  class=\"bg-video-wrap hero section hero--centertext  small-header \" style='background: url(https:\/\/www.iszn.ch\/wp-content\/uploads\/sites\/105\/2025\/11\/Cognita-Day-1_749.jpg) top ;background-size:cover ;'>\n                <div class=\"bg-overlay\" style='background:#1c2f41;opacity:0.3;'><\/div>\n                <div class=\"overlay\" >\n                  <div class=\"container-fluid\">\n                    <div class=\"row\">\n                      <div class=\"col-md-12 col-lg-12\">\n\n                        <div class=\"caption text-start\"><div class=\"component sub-heading\" >\n                              <h1 class=\"display-h1\"><b>DIE COGNITA FAMILIE<\/b><\/h1>\n                            <\/div><\/div>\n                      <\/div>\n                    <\/div>\n                  <\/div>\n                <\/div>\n              <\/section><div class='row  m-x-0 breadcrumb-wrap ' style=''><div class='container-fluid' >\n                <nav aria-label='breadcrumb'><ol class=\"breadcrumb mt-3\">\n                  <li class=\"breadcrumb-item\"><a href=\"https:\/\/www.iszn.ch\/de\/\">Home<\/a><\/li>\n                  <li class=\"breadcrumb-item active\" aria-current=\"page\">Die Cognita Familie<\/li>\n                <\/ol>\n              <\/nav>\n              <\/div>\n            <\/div>[\/vc_column][\/vc_row][vc_row][vc_column]\n            <div class=\"wrapper\">\n    <section  style='' class=\"section    container-width    \" ><div class=\"container-fluid\"><div class=\"row  justify-content-between  \"><div class=\" col-lg-6 col-md-6      \" ><div class=\"component mb-1 mt-0  radius-bottom-LR \" style='px'><div class=\"sub-heading component\"><h2  class=\"h7  fst-normal\">Das Tor zu einer globalen Lernwelt<\/h2><\/div>\n                        <div class=\"sub-heading component \">\n                        <p class=\"body-medium\">International School Zurich North ist stolz, Teil von Cognita zu sein. Wir sind eine internationale Gemeinschaft von \u00fcber 100 Schulen, die alle ein gemeinsames Ziel verfolgen: Sch\u00fclerinnen und Sch\u00fcler dabei zu unterst\u00fctzen, in einer sich immer schneller ver\u00e4ndernden Welt erfolgreich zu sein. Dies erreich wir durch einen herausragenden ganzheitlichen Ansatz, der f\u00fcr jedes Kind die besten akademischen Ergebnisse liefert. <br \/>\n<br \/>\nEine ausgewogene Mischung aus kognitivem, sozialem, emotionalen und physischem Lernen, hilft Sch\u00fclerinnen und Sch\u00fclern dabei, selbstst\u00e4ndig zu Handeln, anpassungsf\u00e4hig zu sein und mit einer positiven Einstellung durchs Leben zu gehen. All dies sind Eigenschaften, die es braucht, um sich st\u00e4ndig weiterzuentwickeln. <\/p>\n                        <\/div><\/div><div class=\"component link\"><a href=\"http:\/\/www.cognita.com\" class=\" btn btn-primary btn-primary--border\" target=\"_blank\">Besuchen Sie Cognita.com<\/a><\/div><\/div>\n                    <div class=\"col-lg-5 col-md-6    \"><div class=\"component single-img \"><div class=\"ratio ratio-1x1 callout-img halfcol--img image_overlay_5615\" style=\"background-image: url(https:\/\/www.iszn.ch\/wp-content\/uploads\/sites\/105\/2023\/07\/ISZN_GENESIS_LR-98.jpg);\"><\/div><\/div> <\/div>\n             <\/div>\n        <\/div>\n<\/section>\n            <\/div>[\/vc_column][\/vc_row][vc_row css=&#8221;.vc_custom_1688483057954{background-image: url(https:\/\/www.iszn.ch\/wp-content\/uploads\/sites\/105\/2023\/06\/cover.png?id=13855) !important;background-position: center !important;background-repeat: no-repeat !important;background-size: cover !important;}&#8221;][vc_column]\n    <section  style='' class=\"section  wpb_animate_when_almost_visible wpb_fadeInUp fadeInUp  section--blue     \" ><div class=\"container-fluid\"><div class=\"row\">\n                <div class=\"col-md-12 col-lg-10\">  <div class=\"component title\">\n                                        <p class=\"body-small\">Akademische Excellenz<\/p>\n                                    <\/div><\/div>\n                <\/div><div class=\"row  justify-content-between  \"><div class=\" col-lg-6 col-md-6      \" ><div class=\"component mb-1 mt-0  radius-bottom-LR \" style='px'><div class=\"sub-heading component\"><h2  class=\"h7  fst-normal\">Kontinuierliche Verbesserung der Qualit\u00e4t der Bildung<\/h2><\/div>\n                        <div class=\"sub-heading component \">\n                        <p class=\"body-medium\">Der evidenzbasierte Ansatz von Cognita bietet klare Anhaltspunkte daf\u00fcr, was eine ausgezeichnete Schule ausmacht. Auf dieser Grundlage arbeitet das Cognita-Bildungsteam mit den Schulleiterinnen und Schulleitern zusammen, um die kontinuierliche Verbesserung der p\u00e4dagogischen Praxis an allen unseren Schulen voranzutreiben, und zwar auf eine Weise, die f\u00fcr jede Schulgemeinschaft am besten geeignet ist. <br \/>\n<br \/>\nDer Zugang zu einem globalen Lehrerzimmer bedeutet, dass wir das Beste aus unserer vielf\u00e4ltigen Gemeinschaft herausholen k\u00f6nnen, indem wir bew\u00e4hrte Praktiken austauschen, uns vernetzen und \u00fcber die Grenzen hinweg zusammenarbeiten. Ausserdem profitieren unsere Lehrer von formalen Weiterbildungsm\u00f6glichkeiten wie dem Team Fellowship und den Senior Leader Enquiry Programmen, die in Zusammenarbeit mit dem weltweit f\u00fchrenden IOE (Insitute of Education), Faculty of Education and Society am University College London, entwickelt und durchgef\u00fchrt werden.<\/p>\n                        <\/div><\/div><\/div>\n                    <div class=\"col-lg-5 col-md-6    \"><div class=\"component single-img \"><div class=\"ratio ratio-1x1 callout-img halfcol--img image_overlay_6646\" style=\"background-image: url(https:\/\/www.iszn.ch\/wp-content\/uploads\/sites\/105\/2023\/07\/ISZN_GENESIS_LR-68.jpg);\"><\/div><\/div> <\/div>\n             <\/div>\n        <\/div>\n<\/section>[\/vc_column][\/vc_row][vc_row][vc_column]<section  class=\"section callout-img full--img  wpb_animate_when_almost_visible wpb_fadeInUp fadeInUp dark-color  bg-overlay-color section--blue\" style=\"background-image: url('https:\/\/www.iszn.ch\/wp-content\/uploads\/sites\/105\/2023\/07\/ISZN_GENESIS_LR-57.jpg'); background-size: cover;\"background-color:#0f286f;margin-top:10px;><div class=\"img-overlay overlay1340\"><\/div><div class=\"container-fluid\">\n                                <div class=\"row \"><style>\n                @media (max-width: 767px) {\n                    .img_overlay_uniq8876 {\n                        width: 90%;\n                    }\n                }\n                <\/style><div class=\"col-lg-12 col-md-12\">\n                                    <div class=\"heading component\">\n                                    <div class=\"\" >\n                                    <div class=\"img-overlay-middle img_overlay_uniq8876\" style=\" \">\n                                    <div><style>\n                                            .callout-img blockquote::before {\n                                                content: open-quote;\n                                            }\n                                            .callout-img blockquote::after {\n                                                content: close-quote;\n                                            }\n                                            <\/style><div class=\"heading component\">\n                                                    <blockquote class=\"h4\">Mir gef\u00e4llt die Tatsache, dass es eine kleine Schule mit eher kleinen Klassen ist. Ich find ausserdem, dass die Lehrpersonen sehr aufmerksam sind - die Kommunikation mit uns Eltern ist super.<\/blockquote>\n                                                <\/div><div class=\"heading component\">\n                                                                        <p class=\"body-large\">&#8211; ISZN Elternteil<\/p>\n                                                                    <\/div><div class=\"component link cust-link\"><\/div><\/div>\n                                                    <\/div>\n                                                <\/div>\n                                            <\/div>\n                                        \n                                        <\/div>\n                                    <\/div>\n                                <\/div>\n                            <\/section>[\/vc_column][\/vc_row][vc_row][vc_column]\n            <div class=\"wrapper\">\n    <section  style='' class=\"section  wpb_animate_when_almost_visible wpb_fadeInUp fadeInUp   container-width pb-0   \" ><div class=\"container-fluid\"><div class=\"row\">\n                <div class=\"col-md-12 col-lg-10\">  <div class=\"component title\">\n                                        <p class=\"body-small\">Wohlbefinden<\/p>\n                                    <\/div><\/div>\n                <\/div><div class=\"row  justify-content-between  \"><div class=\" col-lg-6 col-md-6      \" ><div class=\"component mb-1 mt-0  radius-bottom-LR \" style='px'><div class=\"sub-heading component\"><h2  class=\"h7  fst-normal\">EINE KULTUR DER F\u00dcRSORGE<\/h2><\/div>\n                        <div class=\"sub-heading component \">\n                        <p class=\"body-medium\">Die Sicherheit und das Wohlergehen unserer Sch\u00fclerinnen und Sch\u00fcler haben Vorrang Unsere kompromisslose Kultur der F\u00fcrsorge gew\u00e4hrleistet, dass die Sicherheit und das Wohlbefinden aller Kinder im Mittelpunkt jeder Cognita-Schule stehen. Dazu geh\u00f6ren die Sicherheit unserer Lernumgebung, das emotionale Wohlbefinden unserer Sch\u00fclerinnen und Sch\u00fcler die strenge \u00dcberpr\u00fcfung unseres Personals sowie robuste Richtlinien, Verfahren und Schulungen zum Schutz von Kindern. <br \/>\n<br \/>\nJede Cognita-Schule wird regelm\u00e4\u00dfig von unabh\u00e4ngiger Seite \u00fcberpr\u00fcft und \u00fcberwacht, um sicherzustellen, dass die Sicherheitsmassnahmen \u00fcber die Anforderungen der Aufsichtsbeh\u00f6rden hinausgehen.<\/p>\n                        <\/div><\/div><div class=\"component link\"><a href=\"https:\/\/www.cognita.com\/cognita-be-well\/\" class=\" btn btn-primary btn-primary--border\" target=\"_blank\">Finden Sie hier mehr \u00fcber Cognita Be Well heraus<\/a><\/div><\/div>\n                    <div class=\"col-lg-5 col-md-6    \"><div class=\"component single-img \"><div class=\"ratio ratio-4x3 callout-img halfcol--img image_overlay_5922\" style=\"background-image: url(https:\/\/www.iszn.ch\/wp-content\/uploads\/sites\/105\/2025\/03\/Jennifer_Classroom.jpg);\"><\/div><\/div> <\/div>\n             <\/div>\n        <\/div>\n<\/section>\n            <\/div>[\/vc_column][\/vc_row][vc_row][vc_column]\n            <div class=\"wrapper\">\n    <section  style='' class=\"section    container-width pb-0   \" ><div class=\"container-fluid\"><div class=\"row\">\n                <div class=\"col-md-12 col-lg-10\"> <div class=\"component heading\">\n                     <h2 class=\"h4\">N\u00c4CHSTE SCHRITTE:<\/h2>\n                 <\/div><\/div>\n                <\/div><div class=\"row   pt-3 pt-md-5 \"><div class=\" col-lg-6 col-md-6      \" ><\/div>\n                    <div class=\"col-lg-6 col-md-6    \"> <\/div>\n             <\/div>\n        <\/div>\n<\/section>\n            <\/div><div class=\"wrapper\"><section  class=\"section  container-width no-container pt-0 middle-section \" style='margin-top:-40px;'><div class=\"container-fluid \" ><div class=\"row m-0 justify-content-center pt-3 pt-md-3\"><div class=\"col-lg-3 col-md-3 col-sm-3 mb-3 pb-2\">\n                            <div class=\"card card--white tech-images next-steps-module  thumbnail_img_overlay_2695\">   <a class=\"\" href = \"\/de\/tag-der-offenen-tur-schultouren\/\" ><div class=\"ratio  callout-img halfcol--img leftBottom-content\" style=\"background-image: url(https:\/\/www.iszn.ch\/wp-content\/uploads\/sites\/105\/2023\/07\/ISZN_GENESIS_LR-267.jpg);background-position:;\">\n                                 \n                                 <div class=\"img-overlay \">\n                                 \n                                     <div class=\"heading component\">\n                                         <h5 class=\"h5\" >Tag der Offenen T\u00fcr & Touren<\/h5>\n                                     <\/div>\n                                   \n                                \n                             <\/div>\n                                 \n                                 <\/div><\/a>\n                            <\/div>\n                        <\/div><div class=\"col-lg-3 col-md-3 col-sm-3 mb-3 pb-2\">\n                            <div class=\"card card--white tech-images next-steps-module  thumbnail_img_overlay_8243\">   <a class=\"\" href = \"\/de\/akademische-exzellenz\/\" ><div class=\"ratio  callout-img halfcol--img leftBottom-content\" style=\"background-image: url(https:\/\/www.iszn.ch\/wp-content\/uploads\/sites\/105\/2023\/07\/ISZN_GENESIS_LR-321.jpg);background-position:;\">\n                                 \n                                 <div class=\"img-overlay \">\n                                 \n                                     <div class=\"heading component\">\n                                         <h5 class=\"h5\" >Herausragendes Lernen<\/h5>\n                                     <\/div>\n                                   \n                                \n                             <\/div>\n                                 \n                                 <\/div><\/a>\n                            <\/div>\n                        <\/div><div class=\"col-lg-3 col-md-3 col-sm-3 mb-3 pb-2\">\n                            <div class=\"card card--white tech-images next-steps-module  thumbnail_img_overlay_9769\">   <a class=\"\" href = \"\/de\/raumlichkeiten-lage\/\" ><div class=\"ratio  callout-img halfcol--img leftBottom-content\" style=\"background-image: url(https:\/\/www.iszn.ch\/wp-content\/uploads\/sites\/105\/2023\/07\/ISZN_GENESIS_LR-145.jpg);background-position:;\">\n                                 \n                                 <div class=\"img-overlay \">\n                                 \n                                     <div class=\"heading component\">\n                                         <h5 class=\"h5\" >R\u00e4umlichkeiten & Lage<\/h5>\n                                     <\/div>\n                                   \n                                \n                             <\/div>\n                                 \n                                 <\/div><\/a>\n                            <\/div>\n                        <\/div><div class=\"col-lg-3 col-md-3 col-sm-3 mb-3 pb-2\">\n                            <div class=\"card card--white tech-images next-steps-module  thumbnail_img_overlay_6571\">   <a class=\"\" href = \"\/de\/zulassung-und-gebuhren\/\" ><div class=\"ratio  callout-img halfcol--img leftBottom-content\" style=\"background-image: url(https:\/\/www.iszn.ch\/wp-content\/uploads\/sites\/105\/2025\/09\/IMG_7445-1.jpeg);background-position:;\">\n                                 \n                                 <div class=\"img-overlay \">\n                                 \n                                     <div class=\"heading component\">\n                                         <h5 class=\"h5\" >Anmeldung<\/h5>\n                                     <\/div>\n                                   \n                                \n                             <\/div>\n                                 \n                                 <\/div><\/a>\n                            <\/div>\n                        <\/div><\/div><\/div>\n            <\/section><\/div>[\/vc_column][\/vc_row]<\/p>\n<\/div>","protected":false},"excerpt":{"rendered":"<p>[vc_row][vc_column][\/vc_column][\/vc_row][vc_row][vc_column][\/vc_column][\/vc_row][vc_row css=&#8221;.vc_custom_1688483057954{background-image: url(https:\/\/www.iszn.ch\/wp-content\/uploads\/sites\/105\/2023\/06\/cover.png?id=13855) !important;background-position: center !important;background-repeat: no-repeat !important;background-size: cover !important;}&#8221;][vc_column][\/vc_column][\/vc_row][vc_row][vc_column][\/vc_column][\/vc_row][vc_row][vc_column][\/vc_column][\/vc_row][vc_row][vc_column][\/vc_column][\/vc_row]<\/p>\n","protected":false},"author":390,"featured_media":0,"parent":0,"menu_order":0,"comment_status":"closed","ping_status":"closed","template":"","meta":{"_acf_changed":false,"footnotes":""},"class_list":["post-15527","page","type-page","status-publish","hentry"],"acf":[],"yoast_head":"<!-- This site is optimized with the Yoast SEO plugin v26.5 - https:\/\/yoast.com\/wordpress\/plugins\/seo\/ -->\n<title>Teil der Cognita-Familie - International School Zurich North<\/title>\n<meta name=\"description\" content=\"Die ISZN ist Teil von Cognita, einer au\u00dfergew\u00f6hnlichen Familie von vielf\u00e4ltigen, aber verbundenen Schulen, die eine einzigartig globale Bildung bieten. Erfahren Sie mehr!\" \/>\n<meta name=\"robots\" content=\"index, follow, max-snippet:-1, max-image-preview:large, max-video-preview:-1\" \/>\n<link rel=\"canonical\" href=\"https:\/\/www.iszn.ch\/cognita-family\/\" \/>\n<meta property=\"og:locale\" content=\"de_DE\" \/>\n<meta property=\"og:type\" content=\"article\" \/>\n<meta property=\"og:title\" content=\"Teil der Cognita-Familie - International School Zurich North\" \/>\n<meta property=\"og:description\" content=\"Die ISZN ist Teil von Cognita, einer au\u00dfergew\u00f6hnlichen Familie von vielf\u00e4ltigen, aber verbundenen Schulen, die eine einzigartig globale Bildung bieten. Erfahren Sie mehr!\" \/>\n<meta property=\"og:url\" content=\"https:\/\/www.iszn.ch\/cognita-family\/\" \/>\n<meta property=\"og:site_name\" content=\"Primary &amp; Secondary British International School In Zurich - ISZN\" \/>\n<meta property=\"article:modified_time\" content=\"2026-02-04T08:33:14+00:00\" \/>\n<meta name=\"twitter:card\" content=\"summary_large_image\" \/>\n<meta name=\"twitter:label1\" content=\"Est. reading time\" \/>\n\t<meta name=\"twitter:data1\" content=\"1 minute\" \/>\n<script type=\"application\/ld+json\" class=\"yoast-schema-graph\">{\"@context\":\"https:\/\/schema.org\",\"@graph\":[{\"@type\":\"WebPage\",\"@id\":\"https:\/\/www.iszn.ch\/cognita-family\/\",\"url\":\"https:\/\/www.iszn.ch\/cognita-family\/\",\"name\":\"Teil der Cognita-Familie - International School Zurich North\",\"isPartOf\":{\"@id\":\"https:\/\/www.iszn.ch\/#website\"},\"datePublished\":\"2021-09-24T17:37:54+00:00\",\"dateModified\":\"2026-02-04T08:33:14+00:00\",\"description\":\"Die ISZN ist Teil von Cognita, einer au\u00dfergew\u00f6hnlichen Familie von vielf\u00e4ltigen, aber verbundenen Schulen, die eine einzigartig globale Bildung bieten. Erfahren Sie mehr!\",\"breadcrumb\":{\"@id\":\"https:\/\/www.iszn.ch\/cognita-family\/#breadcrumb\"},\"inLanguage\":\"de-DE\",\"potentialAction\":[{\"@type\":\"ReadAction\",\"target\":[\"https:\/\/www.iszn.ch\/cognita-family\/\"]}]},{\"@type\":\"BreadcrumbList\",\"@id\":\"https:\/\/www.iszn.ch\/cognita-family\/#breadcrumb\",\"itemListElement\":[{\"@type\":\"ListItem\",\"position\":1,\"name\":\"Home\",\"item\":\"https:\/\/www.iszn.ch\/\"},{\"@type\":\"ListItem\",\"position\":2,\"name\":\"Die Cognita Familie\"}]},{\"@type\":\"WebSite\",\"@id\":\"https:\/\/www.iszn.ch\/#website\",\"url\":\"https:\/\/www.iszn.ch\/\",\"name\":\"Primary &amp; Secondary British International School In Zurich - ISZN\",\"description\":\"\",\"potentialAction\":[{\"@type\":\"SearchAction\",\"target\":{\"@type\":\"EntryPoint\",\"urlTemplate\":\"https:\/\/www.iszn.ch\/?s={search_term_string}\"},\"query-input\":{\"@type\":\"PropertyValueSpecification\",\"valueRequired\":true,\"valueName\":\"search_term_string\"}}],\"inLanguage\":\"de-DE\"}]}<\/script>\n<!-- \/ Yoast SEO plugin. -->","yoast_head_json":{"title":"Teil der Cognita-Familie - International School Zurich North","description":"Die ISZN ist Teil von Cognita, einer au\u00dfergew\u00f6hnlichen Familie von vielf\u00e4ltigen, aber verbundenen Schulen, die eine einzigartig globale Bildung bieten. Erfahren Sie mehr!","robots":{"index":"index","follow":"follow","max-snippet":"max-snippet:-1","max-image-preview":"max-image-preview:large","max-video-preview":"max-video-preview:-1"},"canonical":"https:\/\/www.iszn.ch\/cognita-family\/","og_locale":"de_DE","og_type":"article","og_title":"Teil der Cognita-Familie - International School Zurich North","og_description":"Die ISZN ist Teil von Cognita, einer au\u00dfergew\u00f6hnlichen Familie von vielf\u00e4ltigen, aber verbundenen Schulen, die eine einzigartig globale Bildung bieten. Erfahren Sie mehr!","og_url":"https:\/\/www.iszn.ch\/cognita-family\/","og_site_name":"Primary &amp; Secondary British International School In Zurich - ISZN","article_modified_time":"2026-02-04T08:33:14+00:00","twitter_card":"summary_large_image","twitter_misc":{"Est. reading time":"1 minute"},"schema":{"@context":"https:\/\/schema.org","@graph":[{"@type":"WebPage","@id":"https:\/\/www.iszn.ch\/cognita-family\/","url":"https:\/\/www.iszn.ch\/cognita-family\/","name":"Teil der Cognita-Familie - International School Zurich North","isPartOf":{"@id":"https:\/\/www.iszn.ch\/#website"},"datePublished":"2021-09-24T17:37:54+00:00","dateModified":"2026-02-04T08:33:14+00:00","description":"Die ISZN ist Teil von Cognita, einer au\u00dfergew\u00f6hnlichen Familie von vielf\u00e4ltigen, aber verbundenen Schulen, die eine einzigartig globale Bildung bieten. Erfahren Sie mehr!","breadcrumb":{"@id":"https:\/\/www.iszn.ch\/cognita-family\/#breadcrumb"},"inLanguage":"de-DE","potentialAction":[{"@type":"ReadAction","target":["https:\/\/www.iszn.ch\/cognita-family\/"]}]},{"@type":"BreadcrumbList","@id":"https:\/\/www.iszn.ch\/cognita-family\/#breadcrumb","itemListElement":[{"@type":"ListItem","position":1,"name":"Home","item":"https:\/\/www.iszn.ch\/"},{"@type":"ListItem","position":2,"name":"Die Cognita Familie"}]},{"@type":"WebSite","@id":"https:\/\/www.iszn.ch\/#website","url":"https:\/\/www.iszn.ch\/","name":"Primary &amp; Secondary British International School In Zurich - ISZN","description":"","potentialAction":[{"@type":"SearchAction","target":{"@type":"EntryPoint","urlTemplate":"https:\/\/www.iszn.ch\/?s={search_term_string}"},"query-input":{"@type":"PropertyValueSpecification","valueRequired":true,"valueName":"search_term_string"}}],"inLanguage":"de-DE"}]}},"jetpack_sharing_enabled":true,"_links":{"self":[{"href":"https:\/\/www.iszn.ch\/de\/wp-json\/wp\/v2\/pages\/15527","targetHints":{"allow":["GET"]}}],"collection":[{"href":"https:\/\/www.iszn.ch\/de\/wp-json\/wp\/v2\/pages"}],"about":[{"href":"https:\/\/www.iszn.ch\/de\/wp-json\/wp\/v2\/types\/page"}],"author":[{"embeddable":true,"href":"https:\/\/www.iszn.ch\/de\/wp-json\/wp\/v2\/users\/390"}],"replies":[{"embeddable":true,"href":"https:\/\/www.iszn.ch\/de\/wp-json\/wp\/v2\/comments?post=15527"}],"version-history":[{"count":12,"href":"https:\/\/www.iszn.ch\/de\/wp-json\/wp\/v2\/pages\/15527\/revisions"}],"predecessor-version":[{"id":20343,"href":"https:\/\/www.iszn.ch\/de\/wp-json\/wp\/v2\/pages\/15527\/revisions\/20343"}],"wp:attachment":[{"href":"https:\/\/www.iszn.ch\/de\/wp-json\/wp\/v2\/media?parent=15527"}],"curies":[{"name":"wp","href":"https:\/\/api.w.org\/{rel}","templated":true}]}}