
     {"id":15623,"date":"2021-09-15T16:40:14","date_gmt":"2021-09-15T16:40:14","guid":{"rendered":"https:\/\/www.iszn.ch\/school-policies\/"},"modified":"2025-06-02T07:11:15","modified_gmt":"2025-06-02T07:11:15","slug":"schulrichtlinien","status":"publish","type":"page","link":"https:\/\/www.iszn.ch\/de\/schulrichtlinien\/","title":{"rendered":"Schulrichtlinien"},"content":{"rendered":"<div class=\"wpb-content-wrapper\"><p>[vc_row][vc_column]<section  class=\"bg-video-wrap hero section hero--centertext   \" style='background: url(https:\/\/www.iszn.ch\/wp-content\/uploads\/sites\/105\/2023\/07\/ISZN_GENESIS_LR-304.jpg) bottom ;background-size:cover ;'>\n                <div class=\"bg-overlay\" style='background:#1c2f41;opacity:0.3;'><\/div>\n                <div class=\"overlay\" >\n                  <div class=\"container-fluid\">\n                    <div class=\"row\">\n                      <div class=\"col-md-12 col-lg-12\">\n\n                        <div class=\"caption text-start\"><div class=\"component sub-heading\" >\n                              <h1 class=\"display-h1\"><b>SCHULRICHTLINIEN<\/b><\/h1>\n                            <\/div><\/div>\n                      <\/div>\n                    <\/div>\n                  <\/div>\n                <\/div>\n              <\/section><div class='row  m-x-0 breadcrumb-wrap ' style=''><div class='container-fluid' >\n                <nav aria-label='breadcrumb'><ol class=\"breadcrumb mt-3\">\n                  <li class=\"breadcrumb-item\"><a href=\"https:\/\/www.iszn.ch\/de\/\">Home<\/a><\/li>\n                  <li class=\"breadcrumb-item active\" aria-current=\"page\">Schulrichtlinien<\/li>\n                <\/ol>\n              <\/nav>\n              <\/div>\n            <\/div>[\/vc_column][\/vc_row][vc_row][vc_column]\n            <div class=\"wrapper\">\n    <section  style='' class=\"section    container-width    \" ><div class=\"container-fluid\"><div class=\"row  justify-content-between  \"><div class=\" col-lg-6 col-md-6      \" ><div class=\"component mb-1 mt-0  radius-bottom-LR \" style='px'><div class=\"sub-heading component\"><h2  class=\"h7  fst-normal\">Die Sicherheit und das Wohlbefinden unserer Sch\u00fclerinnen und Sch\u00fcler steht f\u00fcr uns an oberster Stelle.<\/h2><\/div>\n                        <div class=\"sub-heading component \">\n                        <p class=\"body-medium\">Unser Ziel ist es, bestm\u00f6gliche Praxis anzuwenden um unsere Schule so sicher wie m\u00f6glich zu machen. Wir folgen einer Reihe von Richtlinien und Prozessen um sicherzustellen, dass Ihr Kind bei uns sicher und gl\u00fccklich ist.<br \/>\n<br \/>\n<\/p>\n                        <\/div><\/div><div class=\"component link\"><a href=\"\/de\/kontaktieren-sie-uns\/\" class=\" btn btn-primary btn-primary--border\">Kontaktieren Sie uns<\/a><\/div><\/div>\n                    <div class=\"col-lg-5 col-md-6    \"><div class=\"component single-img \"><div class=\"ratio ratio-4x3 callout-img halfcol--img image_overlay_4866\" style=\"background-image: url(https:\/\/www.iszn.ch\/wp-content\/uploads\/sites\/105\/2023\/07\/ISZN_GENESIS_LR-357.jpg);\"><\/div><\/div> <\/div>\n             <\/div>\n        <\/div>\n<\/section>\n            <\/div>[\/vc_column][\/vc_row][vc_row css=&#8221;.vc_custom_1692092565111{background-image: url(https:\/\/www.iszn.ch\/wp-content\/uploads\/sites\/105\/2023\/06\/cover.png?id=13856) !important;background-position: center !important;background-repeat: no-repeat !important;background-size: cover !important;}&#8221;][vc_column]\n            <div class=\"wrapper\">\n    <section  style='' class=\"section   section--blue container-width    \" ><div class=\"container-fluid\"><div class=\"row    \"><div class=\" col-lg-6 col-md-6      \" ><div class=\"component link\"><div class=\"ratio ratio-16x9 callout-img halfcol--img image_overlay_6953\" style=\"background-image: url(https:\/\/www.iszn.ch\/wp-content\/uploads\/sites\/105\/2023\/07\/ISZN_GENESIS_LR-102.jpg);\"><\/div><\/div><\/div>\n                    <div class=\"col-lg-6 col-md-6    \"><div class=\"component mb-1 mt-0  radius-bottom-LR \" style='px'>\n                        <div class=\"sub-heading component \">\n                        <p class=\"body-medium\">Untenstehend finden Sie Links zu einigen unserer Richtlinien (nur auf Englisch verf\u00fcgbar). Wenn Sie weitere Informationen ben\u00f6tigen, k\u00f6nnen Sie gerne unser B\u00fcro kontaktieren.<\/p>\n                        <\/div><\/div><div class=\"component link\"><a href=\"https:\/\/www.iszn.ch\/wp-content\/uploads\/sites\/105\/2025\/05\/ISZN-Admissions-Policy-Updated-May-2025.pdf\" class=\" btn btn-link\" target=\"_blank\">Admissions Policy<\/a><\/div><div class=\"component link\"><a href=\"https:\/\/www.iszn.ch\/wp-content\/uploads\/sites\/105\/2025\/04\/2024-ISZN-SAFEGUARDING-POLICY.pdf\" class=\" btn btn-link\" target=\"_blank\">Safeguarding and Child Protection Policy<\/a><\/div><div class=\"component link\"><a href=\"\/wp-content\/uploads\/sites\/105\/2023\/07\/Complaint-Procedure-Switzerland_Sep-2022_EN.pdf\" class=\" btn btn-link\" target=\"_blank\">Complaint Procedure<\/a><\/div><div class=\"component link\"><a href=\"\/wp-content\/uploads\/sites\/105\/2023\/07\/Relationships-Sex-Education-Policy-ISZN-Nov-22.pdf\" class=\" btn btn-link\" target=\"_blank\">Relationships Sex Education Policy<\/a><\/div><div class=\"component link\"><a href=\"https:\/\/www.iszn.ch\/wp-content\/uploads\/sites\/105\/2025\/06\/Cognita-Switzerland-ISZN-Data-Retention-Policy.pdf\" class=\" btn btn-link\" target=\"_blank\" rel=\"nofollow\">Data Retention Policy<\/a><\/div><div class=\"component link\"><a href=\"https:\/\/www.iszn.ch\/wp-content\/uploads\/sites\/105\/2025\/06\/Cognita-Switzerland-ISZN-Data-Protection-Policy.pdf\" class=\" btn btn-link\" target=\"_blank\" rel=\"nofollow\">Data Protection Policy<\/a><\/div><div class=\"component link\"><a href=\"https:\/\/www.iszn.ch\/wp-content\/uploads\/sites\/105\/2025\/06\/Cognita-Europe-ISZN-IT-Policy-2024.pdf\" class=\" btn btn-link\" target=\"_blank\" rel=\"nofollow\">IT Policy<\/a><\/div> <\/div>\n             <\/div>\n        <\/div>\n<\/section>\n            <\/div>[\/vc_column][\/vc_row][vc_row][vc_column]\n            <div class=\"wrapper\">\n    <section  style='' class=\"section    container-width pb-0   \" ><div class=\"container-fluid\"><div class=\"row\">\n                <div class=\"col-md-12 col-lg-10\"> <div class=\"component heading\">\n                     <h2 class=\"h4\">N\u00c4CHSTE SCHRITTE:<\/h2>\n                 <\/div><\/div>\n                <\/div><div class=\"row   pt-3 pt-md-5 \"><div class=\" col-lg-6 col-md-6      \" ><\/div>\n                    <div class=\"col-lg-6 col-md-6    \"> <\/div>\n             <\/div>\n        <\/div>\n<\/section>\n            <\/div><div class=\"wrapper\"><section  class=\"section  container-width no-container pt-0 middle-section \" style='margin-top:-40px;'><div class=\"container-fluid \" ><div class=\"row m-0 justify-content-center pt-3 pt-md-3\"><div class=\"col-lg-3 col-md-3 col-sm-3 mb-3 pb-2\">\n                            <div class=\"card card--white tech-images next-steps-module  thumbnail_img_overlay_7883\">   <a class=\"\" href = \"\/de\/tag-der-offenen-tur-schultouren\/\" ><div class=\"ratio  callout-img halfcol--img leftBottom-content\" style=\"background-image: url(https:\/\/www.iszn.ch\/wp-content\/uploads\/sites\/105\/2023\/07\/ISZN_GENESIS_LR-267.jpg);background-position:;\">\n                                 \n                                 <div class=\"img-overlay \">\n                                 \n                                     <div class=\"heading component\">\n                                         <h5 class=\"h5\" >Tag der Offenen T\u00fcr & Touren<\/h5>\n                                     <\/div>\n                                   \n                                \n                             <\/div>\n                                 \n                                 <\/div><\/a>\n                            <\/div>\n                        <\/div><div class=\"col-lg-3 col-md-3 col-sm-3 mb-3 pb-2\">\n                            <div class=\"card card--white tech-images next-steps-module  thumbnail_img_overlay_8665\">   <a class=\"\" href = \"\/de\/akademische-exzellenz\/\" ><div class=\"ratio  callout-img halfcol--img leftBottom-content\" style=\"background-image: url(https:\/\/www.iszn.ch\/wp-content\/uploads\/sites\/105\/2023\/07\/ISZN_GENESIS_LR-321.jpg);background-position:;\">\n                                 \n                                 <div class=\"img-overlay \">\n                                 \n                                     <div class=\"heading component\">\n                                         <h5 class=\"h5\" >Herausragendes Lernen<\/h5>\n                                     <\/div>\n                                   \n                                \n                             <\/div>\n                                 \n                                 <\/div><\/a>\n                            <\/div>\n                        <\/div><div class=\"col-lg-3 col-md-3 col-sm-3 mb-3 pb-2\">\n                            <div class=\"card card--white tech-images next-steps-module  thumbnail_img_overlay_2302\">   <a class=\"\" href = \"\/de\/raumlichkeiten-lage\/\" ><div class=\"ratio  callout-img halfcol--img leftBottom-content\" style=\"background-image: url(https:\/\/www.iszn.ch\/wp-content\/uploads\/sites\/105\/2023\/07\/ISZN_GENESIS_LR-145.jpg);background-position:;\">\n                                 \n                                 <div class=\"img-overlay \">\n                                 \n                                     <div class=\"heading component\">\n                                         <h5 class=\"h5\" >R\u00e4umlichkeiten & Lage<\/h5>\n                                     <\/div>\n                                   \n                                \n                             <\/div>\n                                 \n                                 <\/div><\/a>\n                            <\/div>\n                        <\/div><div class=\"col-lg-3 col-md-3 col-sm-3 mb-3 pb-2\">\n                            <div class=\"card card--white tech-images next-steps-module  thumbnail_img_overlay_1935\">   <a class=\"\" href = \"\/de\/zulassung-und-gebuhren\/\" ><div class=\"ratio  callout-img halfcol--img leftBottom-content\" style=\"background-image: url(https:\/\/www.iszn.ch\/wp-content\/uploads\/sites\/105\/2023\/07\/ISZN_GENESIS_LR-304.jpg);background-position:;\">\n                                 \n                                 <div class=\"img-overlay \">\n                                 \n                                     <div class=\"heading component\">\n                                         <h5 class=\"h5\" >Anmeldung<\/h5>\n                                     <\/div>\n                                   \n                                \n                             <\/div>\n                                 \n                                 <\/div><\/a>\n                            <\/div>\n                        <\/div><\/div><\/div>\n            <\/section><\/div>[\/vc_column][\/vc_row]<\/p>\n<\/div>","protected":false},"excerpt":{"rendered":"<p>[vc_row][vc_column][\/vc_column][\/vc_row][vc_row][vc_column][\/vc_column][\/vc_row][vc_row css=&#8221;.vc_custom_1692092565111{background-image: url(https:\/\/www.iszn.ch\/wp-content\/uploads\/sites\/105\/2023\/06\/cover.png?id=13856) !important;background-position: center !important;background-repeat: no-repeat !important;background-size: cover !important;}&#8221;][vc_column][\/vc_column][\/vc_row][vc_row][vc_column][\/vc_column][\/vc_row]<\/p>\n","protected":false},"author":390,"featured_media":0,"parent":0,"menu_order":0,"comment_status":"closed","ping_status":"closed","template":"","meta":{"_acf_changed":false,"footnotes":""},"class_list":["post-15623","page","type-page","status-publish","hentry"],"acf":[],"yoast_head":"<!-- This site is optimized with the Yoast SEO plugin v26.5 - https:\/\/yoast.com\/wordpress\/plugins\/seo\/ -->\n<title>Schulrichtlinien an der ISZN - International School Zurich North<\/title>\n<meta name=\"description\" content=\"Hier an der ISZN nehmen wir die Verantwortung f\u00fcr das Wohlbefinden aller unserer Kinder sehr ernst. Sehen Sie sich unsere Schulrichtlinien hier an, um mehr \u00fcber unsere Vorgehensweise zu erfahren.\" \/>\n<meta name=\"robots\" content=\"index, follow, max-snippet:-1, max-image-preview:large, max-video-preview:-1\" \/>\n<link rel=\"canonical\" href=\"https:\/\/www.iszn.ch\/school-policies\/\" \/>\n<meta property=\"og:locale\" content=\"de_DE\" \/>\n<meta property=\"og:type\" content=\"article\" \/>\n<meta property=\"og:title\" content=\"Schulrichtlinien an der ISZN - International School Zurich North\" \/>\n<meta property=\"og:description\" content=\"Hier an der ISZN nehmen wir die Verantwortung f\u00fcr das Wohlbefinden aller unserer Kinder sehr ernst. Sehen Sie sich unsere Schulrichtlinien hier an, um mehr \u00fcber unsere Vorgehensweise zu erfahren.\" \/>\n<meta property=\"og:url\" content=\"https:\/\/www.iszn.ch\/school-policies\/\" \/>\n<meta property=\"og:site_name\" content=\"Primary &amp; Secondary British International School In Zurich - ISZN\" \/>\n<meta property=\"article:modified_time\" content=\"2025-06-02T07:11:15+00:00\" \/>\n<meta name=\"twitter:card\" content=\"summary_large_image\" \/>\n<meta name=\"twitter:label1\" content=\"Est. reading time\" \/>\n\t<meta name=\"twitter:data1\" content=\"1 minute\" \/>\n<script type=\"application\/ld+json\" class=\"yoast-schema-graph\">{\"@context\":\"https:\/\/schema.org\",\"@graph\":[{\"@type\":\"WebPage\",\"@id\":\"https:\/\/www.iszn.ch\/school-policies\/\",\"url\":\"https:\/\/www.iszn.ch\/school-policies\/\",\"name\":\"Schulrichtlinien an der ISZN - International School Zurich North\",\"isPartOf\":{\"@id\":\"https:\/\/www.iszn.ch\/#website\"},\"datePublished\":\"2021-09-15T16:40:14+00:00\",\"dateModified\":\"2025-06-02T07:11:15+00:00\",\"description\":\"Hier an der ISZN nehmen wir die Verantwortung f\u00fcr das Wohlbefinden aller unserer Kinder sehr ernst. Sehen Sie sich unsere Schulrichtlinien hier an, um mehr \u00fcber unsere Vorgehensweise zu erfahren.\",\"breadcrumb\":{\"@id\":\"https:\/\/www.iszn.ch\/school-policies\/#breadcrumb\"},\"inLanguage\":\"de-DE\",\"potentialAction\":[{\"@type\":\"ReadAction\",\"target\":[\"https:\/\/www.iszn.ch\/school-policies\/\"]}]},{\"@type\":\"BreadcrumbList\",\"@id\":\"https:\/\/www.iszn.ch\/school-policies\/#breadcrumb\",\"itemListElement\":[{\"@type\":\"ListItem\",\"position\":1,\"name\":\"Home\",\"item\":\"https:\/\/www.iszn.ch\/\"},{\"@type\":\"ListItem\",\"position\":2,\"name\":\"Schulrichtlinien\"}]},{\"@type\":\"WebSite\",\"@id\":\"https:\/\/www.iszn.ch\/#website\",\"url\":\"https:\/\/www.iszn.ch\/\",\"name\":\"Primary &amp; Secondary British International School In Zurich - ISZN\",\"description\":\"\",\"potentialAction\":[{\"@type\":\"SearchAction\",\"target\":{\"@type\":\"EntryPoint\",\"urlTemplate\":\"https:\/\/www.iszn.ch\/?s={search_term_string}\"},\"query-input\":{\"@type\":\"PropertyValueSpecification\",\"valueRequired\":true,\"valueName\":\"search_term_string\"}}],\"inLanguage\":\"de-DE\"}]}<\/script>\n<!-- \/ Yoast SEO plugin. -->","yoast_head_json":{"title":"Schulrichtlinien an der ISZN - International School Zurich North","description":"Hier an der ISZN nehmen wir die Verantwortung f\u00fcr das Wohlbefinden aller unserer Kinder sehr ernst. Sehen Sie sich unsere Schulrichtlinien hier an, um mehr \u00fcber unsere Vorgehensweise zu erfahren.","robots":{"index":"index","follow":"follow","max-snippet":"max-snippet:-1","max-image-preview":"max-image-preview:large","max-video-preview":"max-video-preview:-1"},"canonical":"https:\/\/www.iszn.ch\/school-policies\/","og_locale":"de_DE","og_type":"article","og_title":"Schulrichtlinien an der ISZN - International School Zurich North","og_description":"Hier an der ISZN nehmen wir die Verantwortung f\u00fcr das Wohlbefinden aller unserer Kinder sehr ernst. Sehen Sie sich unsere Schulrichtlinien hier an, um mehr \u00fcber unsere Vorgehensweise zu erfahren.","og_url":"https:\/\/www.iszn.ch\/school-policies\/","og_site_name":"Primary &amp; Secondary British International School In Zurich - ISZN","article_modified_time":"2025-06-02T07:11:15+00:00","twitter_card":"summary_large_image","twitter_misc":{"Est. reading time":"1 minute"},"schema":{"@context":"https:\/\/schema.org","@graph":[{"@type":"WebPage","@id":"https:\/\/www.iszn.ch\/school-policies\/","url":"https:\/\/www.iszn.ch\/school-policies\/","name":"Schulrichtlinien an der ISZN - International School Zurich North","isPartOf":{"@id":"https:\/\/www.iszn.ch\/#website"},"datePublished":"2021-09-15T16:40:14+00:00","dateModified":"2025-06-02T07:11:15+00:00","description":"Hier an der ISZN nehmen wir die Verantwortung f\u00fcr das Wohlbefinden aller unserer Kinder sehr ernst. Sehen Sie sich unsere Schulrichtlinien hier an, um mehr \u00fcber unsere Vorgehensweise zu erfahren.","breadcrumb":{"@id":"https:\/\/www.iszn.ch\/school-policies\/#breadcrumb"},"inLanguage":"de-DE","potentialAction":[{"@type":"ReadAction","target":["https:\/\/www.iszn.ch\/school-policies\/"]}]},{"@type":"BreadcrumbList","@id":"https:\/\/www.iszn.ch\/school-policies\/#breadcrumb","itemListElement":[{"@type":"ListItem","position":1,"name":"Home","item":"https:\/\/www.iszn.ch\/"},{"@type":"ListItem","position":2,"name":"Schulrichtlinien"}]},{"@type":"WebSite","@id":"https:\/\/www.iszn.ch\/#website","url":"https:\/\/www.iszn.ch\/","name":"Primary &amp; Secondary British International School In Zurich - ISZN","description":"","potentialAction":[{"@type":"SearchAction","target":{"@type":"EntryPoint","urlTemplate":"https:\/\/www.iszn.ch\/?s={search_term_string}"},"query-input":{"@type":"PropertyValueSpecification","valueRequired":true,"valueName":"search_term_string"}}],"inLanguage":"de-DE"}]}},"jetpack_sharing_enabled":true,"_links":{"self":[{"href":"https:\/\/www.iszn.ch\/de\/wp-json\/wp\/v2\/pages\/15623","targetHints":{"allow":["GET"]}}],"collection":[{"href":"https:\/\/www.iszn.ch\/de\/wp-json\/wp\/v2\/pages"}],"about":[{"href":"https:\/\/www.iszn.ch\/de\/wp-json\/wp\/v2\/types\/page"}],"author":[{"embeddable":true,"href":"https:\/\/www.iszn.ch\/de\/wp-json\/wp\/v2\/users\/390"}],"replies":[{"embeddable":true,"href":"https:\/\/www.iszn.ch\/de\/wp-json\/wp\/v2\/comments?post=15623"}],"version-history":[{"count":13,"href":"https:\/\/www.iszn.ch\/de\/wp-json\/wp\/v2\/pages\/15623\/revisions"}],"predecessor-version":[{"id":17089,"href":"https:\/\/www.iszn.ch\/de\/wp-json\/wp\/v2\/pages\/15623\/revisions\/17089"}],"wp:attachment":[{"href":"https:\/\/www.iszn.ch\/de\/wp-json\/wp\/v2\/media?parent=15623"}],"curies":[{"name":"wp","href":"https:\/\/api.w.org\/{rel}","templated":true}]}}