
     {"id":15633,"date":"2021-09-27T14:34:42","date_gmt":"2021-09-27T14:34:42","guid":{"rendered":"https:\/\/www.iszn.ch\/admissions-process\/"},"modified":"2025-11-06T20:42:52","modified_gmt":"2025-11-06T20:42:52","slug":"anmeldeverfahren","status":"publish","type":"page","link":"https:\/\/www.iszn.ch\/de\/anmeldeverfahren\/","title":{"rendered":"Anmeldeverfahren"},"content":{"rendered":"<div class=\"wpb-content-wrapper\"><p>[vc_row][vc_column]<section  class=\"bg-video-wrap hero section hero--centertext  small-header \" style='background: url(https:\/\/www.iszn.ch\/wp-content\/uploads\/sites\/105\/2023\/07\/ISZN_GENESIS_LR-346.jpg) top ;background-size:cover ;'>\n                <div class=\"bg-overlay\" style='background:#1c2f41;opacity:0.3;'><\/div>\n                <div class=\"overlay\" >\n                  <div class=\"container-fluid\">\n                    <div class=\"row\">\n                      <div class=\"col-md-12 col-lg-12\">\n\n                        <div class=\"caption text-start\"><div class=\"component sub-heading\" >\n                              <h1 class=\"display-h1\"><b>ANMELDEVERFAHREN<\/b><\/h1>\n                            <\/div><\/div>\n                      <\/div>\n                    <\/div>\n                  <\/div>\n                <\/div>\n              <\/section><div class='row  m-x-0 breadcrumb-wrap ' style=''><div class='container-fluid' >\n                <nav aria-label='breadcrumb'><ol class=\"breadcrumb mt-3\">\n                  <li class=\"breadcrumb-item\"><a href=\"https:\/\/www.iszn.ch\/de\/\">Home<\/a><\/li>\n                  <li class=\"breadcrumb-item active\" aria-current=\"page\">Anmeldeverfahren<\/li>\n                <\/ol>\n              <\/nav>\n              <\/div>\n            <\/div>[\/vc_column][\/vc_row][vc_row][vc_column]<div class=\"wrapper\"><section  style='' class=\"section     container-width \"><div class=\"container-fluid\"><div class=\"row m-0 align-items-center centerText \" >\n                        <div class=\"col-sm-12 col-md-10 col-lg-9 mx-auto\"><div class=\"sub-heading component\">\n                                        <h2 class=\"h5\">Die Anmeldung bei uns ist ganz leicht<\/h2>\n                                    <\/div><div class=\"sub-heading component\"><p>Unser Aufnahmeprozess ist bewusst einfach gestaltet, um Familien eine reibungslose Anmeldung zu erm\u00f6glichen \u2013 dank unseres laufenden Anmeldeverfahrens sind Bewerbungen das ganze Jahr \u00fcber willkommen.<\/p>\n<\/div><div class=\"flex-button\"><\/div><style>\n                        .flex-button {\n                        margin-top: 25px;\n                    } \n                        \n                    @media (max-width: 767px){\n                     .flex-button {\n                      display: block;\n                      margin-left: 0;\n                    }\n                    .flex-button .text-center{\n                     text-align: left !important;\n                    }\n                    }\n\n\n                        <\/style><\/div><\/div><\/section><\/div>[\/vc_column][\/vc_row][vc_row][vc_column]\n            <div class=\"wrapper\">\n<section  class=\"section  container-width section--blue   \" id=\"sec-1\" style='background-color:#1c2f41;margin-bottom:50px;'>\n   <div class=\"container-fluid\">\n   <div class=\"row m-0 align-items-center text-center mb-4\">\n      <div class=\"col-sm-12 col-md-10 col-lg-7 mx-auto\">\n                     \n         <div class=\"sub-heading component\">\n            <div class=\"h5\">Einfacher 5-Schritte-Prozess\n            <\/div>\n         <\/div>\n            \n      <\/div>\n   <\/div>\n   <div class=\"row m-0 align-items-center\"><div class=\"col-sm-12 col-md-10 col-lg-7 mx-auto\">\n      \n               <div class=\"card border-0 triangle p-0\">\n               <div class=\"card-body section--white\">\n                  <div class=\"icon-with-heading component mb-3\">\n                                            \n                     <div class=\"icon\">\n                        <div style='background-color:#1c2f41;'>1 <\/div>\n                     <\/div>\n                                           \n                     <div class=\"component\">\n                                                   \n                        <div class=\"sub-heading component mb-0\">\n                           <h6 class=\"mb-0 h6\">Senden Sie eine Anfrage<\/h6>\n                        <\/div>\n                                             \n                     <\/div>\n                  <\/div>\n                                     \n                  <div class=\"sub-heading component\">\n                     <p class=\"body-small\">Nutzen Sie das Formular um uns eine Anfrage zu senden. Unser Admissions Team wird Sie dann kontaktieren.<\/p>\n                  <\/div>\n                                              \n                  <div class=\"component link pt-3\"><div class=\"component link\"><a href=\"\/de\/anfrage-stellen\/\" class=\" btn btn-primary\">Senden Sie eine Anfrage<\/a><\/div>                               \n                  <\/div>\n                                \n               <\/div>\n            <\/div>\n            \n               <div class=\"card border-0 triangle p-0\">\n               <div class=\"card-body section--white\">\n                  <div class=\"icon-with-heading component mb-3\">\n                                            \n                     <div class=\"icon\">\n                        <div style='background-color:#1c2f41;'>2 <\/div>\n                     <\/div>\n                                           \n                     <div class=\"component\">\n                                                   \n                        <div class=\"sub-heading component mb-0\">\n                           <h6 class=\"mb-0 h6\">Buchen Sie einen private Tour oder ein virtuelles Kennenlerngespr\u00e4ch<\/h6>\n                        <\/div>\n                                             \n                     <\/div>\n                  <\/div>\n                                     \n                  <div class=\"sub-heading component\">\n                     <p class=\"body-small\">Besuchen Sie unsere Schule oder vereinbaren Sie ein Videotelefonat mit unserem Team um alles \u00fcber die ISZN zu erfahren.<\/p>\n                  <\/div>\n                                              \n                  <div class=\"component link pt-3\"><div class=\"component link\"><a href=\"\/de\/buchen-sie-eine-veranstaltung\/\" class=\" btn btn-primary\">Buchen Sie einen Tag der offenen T\u00fcr<\/a><\/div>                               \n                  <\/div>\n                                \n               <\/div>\n            <\/div>\n            \n               <div class=\"card border-0 triangle p-0\">\n               <div class=\"card-body section--white\">\n                  <div class=\"icon-with-heading component mb-3\">\n                                            \n                     <div class=\"icon\">\n                        <div style='background-color:#1c2f41;'>3 <\/div>\n                     <\/div>\n                                           \n                     <div class=\"component\">\n                                                   \n                        <div class=\"sub-heading component mb-0\">\n                           <h6 class=\"mb-0 h6\">Senden Sie uns eine Bewerbung<\/h6>\n                        <\/div>\n                                             \n                     <\/div>\n                  <\/div>\n                                     \n                  <div class=\"sub-heading component\">\n                     <p class=\"body-small\">Wir ben\u00f6tigen die letzten beiden Schulzeugnisse, ein ausgef\u00fclltes Bewerbungsformular sowie einen Kontakt an der aktuellen Schule, um die Bewerbung zu pr\u00fcfen<\/p>\n                  <\/div>\n                                              \n                  <div class=\"component link pt-3\"><div class=\"component link\"><a href=\"https:\/\/applications.cognita.com\/iszn\/de\/login\/\" class=\" btn btn-primary\" target=\"_blank\">Bewerbungsformular<\/a><\/div>                               \n                  <\/div>\n                                \n               <\/div>\n            <\/div>\n            \n               <div class=\"card border-0 triangle p-0\">\n               <div class=\"card-body section--white\">\n                  <div class=\"icon-with-heading component mb-3\">\n                                            \n                     <div class=\"icon\">\n                        <div style='background-color:#1c2f41;'>4 <\/div>\n                     <\/div>\n                                           \n                     <div class=\"component\">\n                                                   \n                        <div class=\"sub-heading component mb-0\">\n                           <h6 class=\"mb-0 h6\">Vereinbaren Sie einen Schnuppertag<\/h6>\n                        <\/div>\n                                             \n                     <\/div>\n                  <\/div>\n                                     \n                  <div class=\"sub-heading component\">\n                     <p class=\"body-small\">Ein Schnuppertag ist die perfekte M\u00f6glichkeit f\u00fcr Sie, um zu sehen, ob ISZN gut zu Ihrer Familie passt und Ihre Erwartungen erf\u00fcllt. Auf der anderen Seite gibt er ausserdem unseren Lehrkr\u00e4ften die M\u00f6glichkeit, Ihr Kind jenseits seiner Schulzeugnisse kennenzulernen<\/p>\n                  <\/div>\n                                \n               <\/div>\n            <\/div>\n            \n               <div class=\"card border-0 triangle p-0\">\n               <div class=\"card-body section--white\">\n                  <div class=\"icon-with-heading component mb-3\">\n                                            \n                     <div class=\"icon\">\n                        <div style='background-color:#1c2f41;'>5 <\/div>\n                     <\/div>\n                                           \n                     <div class=\"component\">\n                                                   \n                        <div class=\"sub-heading component mb-0\">\n                           <h6 class=\"mb-0 h6\">Der erste Tag an der ISZN<\/h6>\n                        <\/div>\n                                             \n                     <\/div>\n                  <\/div>\n                                     \n                  <div class=\"sub-heading component\">\n                     <p class=\"body-small\">Sobald wir einen Platz anbieten und der Vertrag unterschrieben ist, m\u00fcssen Sie nur geduldig noch auf den ersten Schultag warten.<\/p>\n                  <\/div>\n                                \n               <\/div>\n            <\/div>\n                  \n         <\/div>\n      <\/div>\n   <\/div>\n<\/section>\n\n            <\/div>[\/vc_column][\/vc_row][vc_row][vc_column]\n            <div class=\"wrapper\">\n    <section  style='' class=\"section    container-width pb-0   \" ><div class=\"container-fluid\"><div class=\"row\">\n                <div class=\"col-md-12 col-lg-10\"> <div class=\"component heading\">\n                     <h2 class=\"h4\">N\u00c4CHSTE SCHRITTE:<\/h2>\n                 <\/div><\/div>\n                <\/div><div class=\"row   pt-3 pt-md-5 \"><div class=\" col-lg-6 col-md-6      \" ><\/div>\n                    <div class=\"col-lg-6 col-md-6    \"> <\/div>\n             <\/div>\n        <\/div>\n<\/section>\n            <\/div><div class=\"wrapper\"><section  class=\"section  container-width no-container pt-0 middle-section \" style='margin-top:-40px;'><div class=\"container-fluid \" ><div class=\"row m-0 justify-content-center pt-3 pt-md-3\"><div class=\"col-lg-3 col-md-3 col-sm-3 mb-3 pb-2\">\n                            <div class=\"card card--white tech-images next-steps-module  thumbnail_img_overlay_2130\">   <a class=\"\" href = \"\/de\/tag-der-offenen-tur-schultouren\/\" ><div class=\"ratio  callout-img halfcol--img leftBottom-content\" style=\"background-image: url(https:\/\/www.iszn.ch\/wp-content\/uploads\/sites\/105\/2025\/11\/IMG_9814.jpeg);background-position:;\">\n                                 \n                                 <div class=\"img-overlay \">\n                                 \n                                     <div class=\"heading component\">\n                                         <h5 class=\"h5\" >Tag der Offenen T\u00fcr & Touren<\/h5>\n                                     <\/div>\n                                   \n                                \n                             <\/div>\n                                 \n                                 <\/div><\/a>\n                            <\/div>\n                        <\/div><div class=\"col-lg-3 col-md-3 col-sm-3 mb-3 pb-2\">\n                            <div class=\"card card--white tech-images next-steps-module  thumbnail_img_overlay_6116\">   <a class=\"\" href = \"\/de\/akademische-exzellenz\/\" ><div class=\"ratio  callout-img halfcol--img leftBottom-content\" style=\"background-image: url(https:\/\/www.iszn.ch\/wp-content\/uploads\/sites\/105\/2025\/11\/ISZN_GENESIS_LR-47-1.jpg);background-position:;\">\n                                 \n                                 <div class=\"img-overlay \">\n                                 \n                                     <div class=\"heading component\">\n                                         <h5 class=\"h5\" >Herausragendes Lernen<\/h5>\n                                     <\/div>\n                                   \n                                \n                             <\/div>\n                                 \n                                 <\/div><\/a>\n                            <\/div>\n                        <\/div><div class=\"col-lg-3 col-md-3 col-sm-3 mb-3 pb-2\">\n                            <div class=\"card card--white tech-images next-steps-module  thumbnail_img_overlay_9430\">   <a class=\"\" href = \"\/de\/raumlichkeiten-lage\/\" ><div class=\"ratio  callout-img halfcol--img leftBottom-content\" style=\"background-image: url(https:\/\/www.iszn.ch\/wp-content\/uploads\/sites\/105\/2025\/11\/2.png);background-position:;\">\n                                 \n                                 <div class=\"img-overlay \">\n                                 \n                                     <div class=\"heading component\">\n                                         <h5 class=\"h5\" >R\u00e4umlichkeiten & Lage<\/h5>\n                                     <\/div>\n                                   \n                                \n                             <\/div>\n                                 \n                                 <\/div><\/a>\n                            <\/div>\n                        <\/div><div class=\"col-lg-3 col-md-3 col-sm-3 mb-3 pb-2\">\n                            <div class=\"card card--white tech-images next-steps-module  thumbnail_img_overlay_6854\">   <a class=\"\" href = \"\/de\/zulassung-und-gebuhren\/\" ><div class=\"ratio  callout-img halfcol--img leftBottom-content\" style=\"background-image: url(https:\/\/www.iszn.ch\/wp-content\/uploads\/sites\/105\/2025\/09\/IMG_7445-1.jpeg);background-position:;\">\n                                 \n                                 <div class=\"img-overlay \">\n                                 \n                                     <div class=\"heading component\">\n                                         <h5 class=\"h5\" >Anmeldung<\/h5>\n                                     <\/div>\n                                   \n                                \n                             <\/div>\n                                 \n                                 <\/div><\/a>\n                            <\/div>\n                        <\/div><\/div><\/div>\n            <\/section><\/div>[\/vc_column][\/vc_row]<\/p>\n<\/div>","protected":false},"excerpt":{"rendered":"<p>[vc_row][vc_column][\/vc_column][\/vc_row][vc_row][vc_column][\/vc_column][\/vc_row][vc_row][vc_column][\/vc_column][\/vc_row][vc_row][vc_column][\/vc_column][\/vc_row]<\/p>\n","protected":false},"author":390,"featured_media":0,"parent":0,"menu_order":0,"comment_status":"closed","ping_status":"closed","template":"","meta":{"_acf_changed":false,"footnotes":""},"class_list":["post-15633","page","type-page","status-publish","hentry"],"acf":[],"yoast_head":"<!-- This site is optimized with the Yoast SEO plugin v26.5 - https:\/\/yoast.com\/wordpress\/plugins\/seo\/ -->\n<title>Zulassung an der ISZN - International School Zurich North<\/title>\n<meta name=\"description\" content=\"Bewerben Sie sich um einen Platz an unserer au\u00dfergew\u00f6hnlichen Schule und geben Sie Ihrem Kind die M\u00f6glichkeit zu einer fantastischen Bildungserfahrung. Folgen Sie unserem einfachen Zulassungsverfahren!\" \/>\n<meta name=\"robots\" content=\"index, follow, max-snippet:-1, max-image-preview:large, max-video-preview:-1\" \/>\n<link rel=\"canonical\" href=\"https:\/\/www.iszn.ch\/admissions-process\/\" \/>\n<meta property=\"og:locale\" content=\"de_DE\" \/>\n<meta property=\"og:type\" content=\"article\" \/>\n<meta property=\"og:title\" content=\"Zulassung an der ISZN - International School Zurich North\" \/>\n<meta property=\"og:description\" content=\"Bewerben Sie sich um einen Platz an unserer au\u00dfergew\u00f6hnlichen Schule und geben Sie Ihrem Kind die M\u00f6glichkeit zu einer fantastischen Bildungserfahrung. Folgen Sie unserem einfachen Zulassungsverfahren!\" \/>\n<meta property=\"og:url\" content=\"https:\/\/www.iszn.ch\/admissions-process\/\" \/>\n<meta property=\"og:site_name\" content=\"Primary &amp; Secondary British International School In Zurich - ISZN\" \/>\n<meta property=\"article:modified_time\" content=\"2025-11-06T20:42:52+00:00\" \/>\n<meta name=\"twitter:card\" content=\"summary_large_image\" \/>\n<meta name=\"twitter:label1\" content=\"Est. reading time\" \/>\n\t<meta name=\"twitter:data1\" content=\"1 minute\" \/>\n<script type=\"application\/ld+json\" class=\"yoast-schema-graph\">{\"@context\":\"https:\/\/schema.org\",\"@graph\":[{\"@type\":\"WebPage\",\"@id\":\"https:\/\/www.iszn.ch\/admissions-process\/\",\"url\":\"https:\/\/www.iszn.ch\/admissions-process\/\",\"name\":\"Zulassung an der ISZN - International School Zurich North\",\"isPartOf\":{\"@id\":\"https:\/\/www.iszn.ch\/#website\"},\"datePublished\":\"2021-09-27T14:34:42+00:00\",\"dateModified\":\"2025-11-06T20:42:52+00:00\",\"description\":\"Bewerben Sie sich um einen Platz an unserer au\u00dfergew\u00f6hnlichen Schule und geben Sie Ihrem Kind die M\u00f6glichkeit zu einer fantastischen Bildungserfahrung. Folgen Sie unserem einfachen Zulassungsverfahren!\",\"breadcrumb\":{\"@id\":\"https:\/\/www.iszn.ch\/admissions-process\/#breadcrumb\"},\"inLanguage\":\"de-DE\",\"potentialAction\":[{\"@type\":\"ReadAction\",\"target\":[\"https:\/\/www.iszn.ch\/admissions-process\/\"]}]},{\"@type\":\"BreadcrumbList\",\"@id\":\"https:\/\/www.iszn.ch\/admissions-process\/#breadcrumb\",\"itemListElement\":[{\"@type\":\"ListItem\",\"position\":1,\"name\":\"Home\",\"item\":\"https:\/\/www.iszn.ch\/\"},{\"@type\":\"ListItem\",\"position\":2,\"name\":\"Anmeldeverfahren\"}]},{\"@type\":\"WebSite\",\"@id\":\"https:\/\/www.iszn.ch\/#website\",\"url\":\"https:\/\/www.iszn.ch\/\",\"name\":\"Primary &amp; Secondary British International School In Zurich - ISZN\",\"description\":\"\",\"potentialAction\":[{\"@type\":\"SearchAction\",\"target\":{\"@type\":\"EntryPoint\",\"urlTemplate\":\"https:\/\/www.iszn.ch\/?s={search_term_string}\"},\"query-input\":{\"@type\":\"PropertyValueSpecification\",\"valueRequired\":true,\"valueName\":\"search_term_string\"}}],\"inLanguage\":\"de-DE\"}]}<\/script>\n<!-- \/ Yoast SEO plugin. -->","yoast_head_json":{"title":"Zulassung an der ISZN - International School Zurich North","description":"Bewerben Sie sich um einen Platz an unserer au\u00dfergew\u00f6hnlichen Schule und geben Sie Ihrem Kind die M\u00f6glichkeit zu einer fantastischen Bildungserfahrung. Folgen Sie unserem einfachen Zulassungsverfahren!","robots":{"index":"index","follow":"follow","max-snippet":"max-snippet:-1","max-image-preview":"max-image-preview:large","max-video-preview":"max-video-preview:-1"},"canonical":"https:\/\/www.iszn.ch\/admissions-process\/","og_locale":"de_DE","og_type":"article","og_title":"Zulassung an der ISZN - International School Zurich North","og_description":"Bewerben Sie sich um einen Platz an unserer au\u00dfergew\u00f6hnlichen Schule und geben Sie Ihrem Kind die M\u00f6glichkeit zu einer fantastischen Bildungserfahrung. Folgen Sie unserem einfachen Zulassungsverfahren!","og_url":"https:\/\/www.iszn.ch\/admissions-process\/","og_site_name":"Primary &amp; Secondary British International School In Zurich - ISZN","article_modified_time":"2025-11-06T20:42:52+00:00","twitter_card":"summary_large_image","twitter_misc":{"Est. reading time":"1 minute"},"schema":{"@context":"https:\/\/schema.org","@graph":[{"@type":"WebPage","@id":"https:\/\/www.iszn.ch\/admissions-process\/","url":"https:\/\/www.iszn.ch\/admissions-process\/","name":"Zulassung an der ISZN - International School Zurich North","isPartOf":{"@id":"https:\/\/www.iszn.ch\/#website"},"datePublished":"2021-09-27T14:34:42+00:00","dateModified":"2025-11-06T20:42:52+00:00","description":"Bewerben Sie sich um einen Platz an unserer au\u00dfergew\u00f6hnlichen Schule und geben Sie Ihrem Kind die M\u00f6glichkeit zu einer fantastischen Bildungserfahrung. Folgen Sie unserem einfachen Zulassungsverfahren!","breadcrumb":{"@id":"https:\/\/www.iszn.ch\/admissions-process\/#breadcrumb"},"inLanguage":"de-DE","potentialAction":[{"@type":"ReadAction","target":["https:\/\/www.iszn.ch\/admissions-process\/"]}]},{"@type":"BreadcrumbList","@id":"https:\/\/www.iszn.ch\/admissions-process\/#breadcrumb","itemListElement":[{"@type":"ListItem","position":1,"name":"Home","item":"https:\/\/www.iszn.ch\/"},{"@type":"ListItem","position":2,"name":"Anmeldeverfahren"}]},{"@type":"WebSite","@id":"https:\/\/www.iszn.ch\/#website","url":"https:\/\/www.iszn.ch\/","name":"Primary &amp; Secondary British International School In Zurich - ISZN","description":"","potentialAction":[{"@type":"SearchAction","target":{"@type":"EntryPoint","urlTemplate":"https:\/\/www.iszn.ch\/?s={search_term_string}"},"query-input":{"@type":"PropertyValueSpecification","valueRequired":true,"valueName":"search_term_string"}}],"inLanguage":"de-DE"}]}},"jetpack_sharing_enabled":true,"_links":{"self":[{"href":"https:\/\/www.iszn.ch\/de\/wp-json\/wp\/v2\/pages\/15633","targetHints":{"allow":["GET"]}}],"collection":[{"href":"https:\/\/www.iszn.ch\/de\/wp-json\/wp\/v2\/pages"}],"about":[{"href":"https:\/\/www.iszn.ch\/de\/wp-json\/wp\/v2\/types\/page"}],"author":[{"embeddable":true,"href":"https:\/\/www.iszn.ch\/de\/wp-json\/wp\/v2\/users\/390"}],"replies":[{"embeddable":true,"href":"https:\/\/www.iszn.ch\/de\/wp-json\/wp\/v2\/comments?post=15633"}],"version-history":[{"count":19,"href":"https:\/\/www.iszn.ch\/de\/wp-json\/wp\/v2\/pages\/15633\/revisions"}],"predecessor-version":[{"id":18075,"href":"https:\/\/www.iszn.ch\/de\/wp-json\/wp\/v2\/pages\/15633\/revisions\/18075"}],"wp:attachment":[{"href":"https:\/\/www.iszn.ch\/de\/wp-json\/wp\/v2\/media?parent=15633"}],"curies":[{"name":"wp","href":"https:\/\/api.w.org\/{rel}","templated":true}]}}