
     {"id":15656,"date":"2021-10-05T13:04:06","date_gmt":"2021-10-05T13:04:06","guid":{"rendered":"https:\/\/www.iszn.ch\/contact-us\/"},"modified":"2023-08-17T09:53:39","modified_gmt":"2023-08-17T09:53:39","slug":"kontaktieren-sie-uns","status":"publish","type":"page","link":"https:\/\/www.iszn.ch\/de\/kontaktieren-sie-uns\/","title":{"rendered":"Kontaktieren Sie uns"},"content":{"rendered":"<div class=\"wpb-content-wrapper\"><p>[vc_row][vc_column]<section  class=\"bg-video-wrap hero section hero--centertext  small-header \" style='background: url(https:\/\/www.iszn.ch\/wp-content\/uploads\/sites\/105\/2023\/07\/ISZN_GENESIS_LR-269.jpg) center ;background-size:cover ;'>\n                <div class=\"bg-overlay\" style='background:#1c2f41;opacity:0.3;'><\/div>\n                <div class=\"overlay\" >\n                  <div class=\"container-fluid\">\n                    <div class=\"row\">\n                      <div class=\"col-md-12 col-lg-12\">\n\n                        <div class=\"caption text-start\"><div class=\"component sub-heading\" >\n                              <h1 class=\"display-h1\"><b>KONTAKTIEREN SIE UNS<\/b><\/h1>\n                            <\/div><\/div>\n                      <\/div>\n                    <\/div>\n                  <\/div>\n                <\/div>\n              <\/section><div class='row  m-x-0 breadcrumb-wrap ' style=''><div class='container-fluid' >\n                <nav aria-label='breadcrumb'><ol class=\"breadcrumb mt-3\">\n                  <li class=\"breadcrumb-item\"><a href=\"https:\/\/www.iszn.ch\/de\/\">Home<\/a><\/li>\n                  <li class=\"breadcrumb-item active\" aria-current=\"page\">Kontaktieren Sie uns<\/li>\n                <\/ol>\n              <\/nav>\n              <\/div>\n            <\/div>[\/vc_column][\/vc_row][vc_row][vc_column]<div class=\"wrapper\"><section  style='' class=\"section     container-width \"><div class=\"container-fluid\"><div class=\"row m-0 align-items-center centerText \" >\n                        <div class=\"col-sm-12 col-md-10 col-lg-9 mx-auto\"><div class=\"sub-heading component\">\n                                        <h2 class=\"h5\">Wir freuen uns, von Ihnen zu h\u00f6ren<\/h2>\n                                    <\/div><div class=\"sub-heading component\"><p><strong>Kontaktieren Sie uns, damit wir Ihnen weiterhelfen k\u00f6nnen. Wir werden uns innerhalb von 48 Stunden bei Ihnen zur\u00fcckmelden.<\/strong><\/p>\n<\/div><style>\n                        .flex-button {\n                        margin-top: 25px;\n                    } \n                        \n                    @media (max-width: 767px){\n                     .flex-button {\n                      display: block;\n                      margin-left: 0;\n                    }\n                    .flex-button .text-center{\n                     text-align: left !important;\n                    }\n                    }\n\n\n                        <\/style><\/div><\/div><\/section><\/div>[\/vc_column][\/vc_row][vc_row][vc_column]\n    <section  id=\"location\"  style='margin-bottom:50px;' class=\"section  wpb_animate_when_almost_visible wpb_fadeInUp fadeInUp    pt-0 pb-0   \" ><div class=\"container-fluid\"><div class=\"row\">\n                <div class=\"col-md-12 col-lg-10\">  <div class=\"component title\">\n                                        <p class=\"body-small\">Kontaktdaten<\/p>\n                                    <\/div><\/div>\n                <\/div><div class=\"row    \"><div class=\" col-lg-6 col-md-6      \" ><div class=\"component mb-1 mt-0  radius-bottom-LR \" style='px'><div class=\"sub-heading component\"><h2  class=\"h7  fst-normal\">WO SIE UNS FINDEN<\/h2><\/div>\n                        <div class=\"sub-heading component \">\n                        <p class=\"body-medium\"><b>International School Zurich North<\/b><br \/>\n<br \/>\nIndustriestrasse 50<br \/>\n8304 Wallisellen<br \/>\n<br \/>\n<a href = \"mailto: info@iszn.ch\"><b>Allgemeine Anfragen: info@iszn.ch<\/b><\/a><br \/>\n<a href = \"mailto: admissions@iszn.ch\"><b>Anfragen f\u00fcr Pl\u00e4tze: admissions@iszn.ch<\/b><\/a><\/p>\n                        <\/div><\/div><div class=\"component link\"><a href=\"tel:0448307000\" class=\" btn btn-link\">044 830 70 00<\/a><\/div><div class=\"component link\"><a href=\"\/de\/anfrage-stellen\/\" class=\" btn btn-primary btn-primary--border\">Eine Anfrage stellen<\/a><\/div><div class=\"component link\"><a href=\"\/de\/buchen-sie-eine-veranstaltung\/\" class=\" btn btn-primary btn-primary--border\">Buchen Sie eine Tour<\/a><\/div><\/div>\n                    <div class=\"col-lg-6 col-md-6    \"><div class=\"component mb-1 mt-0  radius-bottom-LR \" style='px'>\n                        <div class=\"sub-heading component \">\n                        <p class=\"body-medium\"><iframe loading=\"lazy\" src=\"https:\/\/www.google.com\/maps\/d\/embed?mid=182JANEhmhPfQxj-ACw4mRacMOxvr2qLl&ehbc=2E312F\" width=\"600\" height=\"400\"><\/iframe><\/p>\n                        <\/div><\/div> <\/div>\n             <\/div>\n        <\/div>\n<\/section>[\/vc_column][\/vc_row][vc_row][vc_column]\n            <div class=\"wrapper\">\n    <section  style='' class=\"section    container-width pb-0   \" ><div class=\"container-fluid\"><div class=\"row\">\n                <div class=\"col-md-12 col-lg-10\"> <div class=\"component heading\">\n                     <h2 class=\"h4\">N\u00c4CHSTE SCHRITTE:<\/h2>\n                 <\/div><\/div>\n                <\/div><div class=\"row   pt-3 pt-md-5 \"><div class=\" col-lg-6 col-md-6      \" ><\/div>\n                    <div class=\"col-lg-6 col-md-6    \"> <\/div>\n             <\/div>\n        <\/div>\n<\/section>\n            <\/div><div class=\"wrapper\"><section  class=\"section  container-width no-container pt-0 middle-section \" style='margin-top:-40px;'><div class=\"container-fluid \" ><div class=\"row m-0 justify-content-center pt-3 pt-md-3\"><div class=\"col-lg-3 col-md-3 col-sm-3 mb-3 pb-2\">\n                            <div class=\"card card--white tech-images next-steps-module  thumbnail_img_overlay_3443\">   <a class=\"\" href = \"\/de\/tag-der-offenen-tur-schultouren\/\" ><div class=\"ratio  callout-img halfcol--img leftBottom-content\" style=\"background-image: url(https:\/\/www.iszn.ch\/wp-content\/uploads\/sites\/105\/2023\/07\/ISZN_GENESIS_LR-267.jpg);background-position:;\">\n                                 \n                                 <div class=\"img-overlay \">\n                                 \n                                     <div class=\"heading component\">\n                                         <h5 class=\"h5\" >Tag der Offenen T\u00fcr & Touren<\/h5>\n                                     <\/div>\n                                   \n                                \n                             <\/div>\n                                 \n                                 <\/div><\/a>\n                            <\/div>\n                        <\/div><div class=\"col-lg-3 col-md-3 col-sm-3 mb-3 pb-2\">\n                            <div class=\"card card--white tech-images next-steps-module  thumbnail_img_overlay_4888\">   <a class=\"\" href = \"\/de\/akademische-exzellenz\/\" ><div class=\"ratio  callout-img halfcol--img leftBottom-content\" style=\"background-image: url(https:\/\/www.iszn.ch\/wp-content\/uploads\/sites\/105\/2023\/07\/ISZN_GENESIS_LR-321.jpg);background-position:;\">\n                                 \n                                 <div class=\"img-overlay \">\n                                 \n                                     <div class=\"heading component\">\n                                         <h5 class=\"h5\" >Herausragendes Lernen<\/h5>\n                                     <\/div>\n                                   \n                                \n                             <\/div>\n                                 \n                                 <\/div><\/a>\n                            <\/div>\n                        <\/div><div class=\"col-lg-3 col-md-3 col-sm-3 mb-3 pb-2\">\n                            <div class=\"card card--white tech-images next-steps-module  thumbnail_img_overlay_6986\">   <a class=\"\" href = \"\/de\/raumlichkeiten-lage\/\" ><div class=\"ratio  callout-img halfcol--img leftBottom-content\" style=\"background-image: url(https:\/\/www.iszn.ch\/wp-content\/uploads\/sites\/105\/2023\/07\/ISZN_GENESIS_LR-145.jpg);background-position:;\">\n                                 \n                                 <div class=\"img-overlay \">\n                                 \n                                     <div class=\"heading component\">\n                                         <h5 class=\"h5\" >R\u00e4umlichkeiten & Lage<\/h5>\n                                     <\/div>\n                                   \n                                \n                             <\/div>\n                                 \n                                 <\/div><\/a>\n                            <\/div>\n                        <\/div><div class=\"col-lg-3 col-md-3 col-sm-3 mb-3 pb-2\">\n                            <div class=\"card card--white tech-images next-steps-module  thumbnail_img_overlay_7102\">   <a class=\"\" href = \"\/de\/zulassung-und-gebuhren\/\" ><div class=\"ratio  callout-img halfcol--img leftBottom-content\" style=\"background-image: url(https:\/\/www.iszn.ch\/wp-content\/uploads\/sites\/105\/2023\/07\/ISZN_GENESIS_LR-304.jpg);background-position:;\">\n                                 \n                                 <div class=\"img-overlay \">\n                                 \n                                     <div class=\"heading component\">\n                                         <h5 class=\"h5\" >Anmeldung<\/h5>\n                                     <\/div>\n                                   \n                                \n                             <\/div>\n                                 \n                                 <\/div><\/a>\n                            <\/div>\n                        <\/div><\/div><\/div>\n            <\/section><\/div>[\/vc_column][\/vc_row]<\/p>\n<\/div>","protected":false},"excerpt":{"rendered":"<p>[vc_row][vc_column][\/vc_column][\/vc_row][vc_row][vc_column][\/vc_column][\/vc_row][vc_row][vc_column][\/vc_column][\/vc_row][vc_row][vc_column][\/vc_column][\/vc_row]<\/p>\n","protected":false},"author":390,"featured_media":0,"parent":0,"menu_order":0,"comment_status":"closed","ping_status":"closed","template":"","meta":{"_acf_changed":false,"footnotes":""},"class_list":["post-15656","page","type-page","status-publish","hentry"],"acf":[],"yoast_head":"<!-- This site is optimized with the Yoast SEO plugin v26.5 - https:\/\/yoast.com\/wordpress\/plugins\/seo\/ -->\n<title>Kontaktieren Sie uns - ISZN Internationale Schule Schweiz<\/title>\n<meta name=\"description\" content=\"Wenn Sie Fragen haben, w\u00fcrden wir uns freuen, von Ihnen zu h\u00f6ren. Kontaktieren Sie uns, damit wir Ihre Anfrage bearbeiten k\u00f6nnen. Wir werden uns innerhalb von 48 Stunden bei Ihnen melden.\" \/>\n<meta name=\"robots\" content=\"index, follow, max-snippet:-1, max-image-preview:large, max-video-preview:-1\" \/>\n<link rel=\"canonical\" href=\"https:\/\/www.iszn.ch\/de\/kontaktieren-sie-uns\/\" \/>\n<meta property=\"og:locale\" content=\"de_DE\" \/>\n<meta property=\"og:type\" content=\"article\" \/>\n<meta property=\"og:title\" content=\"Kontaktieren Sie uns - ISZN Internationale Schule Schweiz\" \/>\n<meta property=\"og:description\" content=\"Wenn Sie Fragen haben, w\u00fcrden wir uns freuen, von Ihnen zu h\u00f6ren. Kontaktieren Sie uns, damit wir Ihre Anfrage bearbeiten k\u00f6nnen. Wir werden uns innerhalb von 48 Stunden bei Ihnen melden.\" \/>\n<meta property=\"og:url\" content=\"https:\/\/www.iszn.ch\/de\/kontaktieren-sie-uns\/\" \/>\n<meta property=\"og:site_name\" content=\"Primary &amp; Secondary British International School In Zurich - ISZN\" \/>\n<meta property=\"article:modified_time\" content=\"2023-08-17T09:53:39+00:00\" \/>\n<meta name=\"twitter:card\" content=\"summary_large_image\" \/>\n<meta name=\"twitter:label1\" content=\"Est. reading time\" \/>\n\t<meta name=\"twitter:data1\" content=\"1 minute\" \/>\n<script type=\"application\/ld+json\" class=\"yoast-schema-graph\">{\"@context\":\"https:\/\/schema.org\",\"@graph\":[{\"@type\":\"WebPage\",\"@id\":\"https:\/\/www.iszn.ch\/de\/kontaktieren-sie-uns\/\",\"url\":\"https:\/\/www.iszn.ch\/de\/kontaktieren-sie-uns\/\",\"name\":\"Kontaktieren Sie uns - ISZN Internationale Schule Schweiz\",\"isPartOf\":{\"@id\":\"https:\/\/www.iszn.ch\/#website\"},\"datePublished\":\"2021-10-05T13:04:06+00:00\",\"dateModified\":\"2023-08-17T09:53:39+00:00\",\"description\":\"Wenn Sie Fragen haben, w\u00fcrden wir uns freuen, von Ihnen zu h\u00f6ren. Kontaktieren Sie uns, damit wir Ihre Anfrage bearbeiten k\u00f6nnen. Wir werden uns innerhalb von 48 Stunden bei Ihnen melden.\",\"breadcrumb\":{\"@id\":\"https:\/\/www.iszn.ch\/de\/kontaktieren-sie-uns\/#breadcrumb\"},\"inLanguage\":\"de-DE\",\"potentialAction\":[{\"@type\":\"ReadAction\",\"target\":[\"https:\/\/www.iszn.ch\/de\/kontaktieren-sie-uns\/\"]}]},{\"@type\":\"BreadcrumbList\",\"@id\":\"https:\/\/www.iszn.ch\/de\/kontaktieren-sie-uns\/#breadcrumb\",\"itemListElement\":[{\"@type\":\"ListItem\",\"position\":1,\"name\":\"Home\",\"item\":\"https:\/\/www.iszn.ch\/\"},{\"@type\":\"ListItem\",\"position\":2,\"name\":\"Kontaktieren Sie uns\"}]},{\"@type\":\"WebSite\",\"@id\":\"https:\/\/www.iszn.ch\/#website\",\"url\":\"https:\/\/www.iszn.ch\/\",\"name\":\"Primary &amp; Secondary British International School In Zurich - ISZN\",\"description\":\"\",\"potentialAction\":[{\"@type\":\"SearchAction\",\"target\":{\"@type\":\"EntryPoint\",\"urlTemplate\":\"https:\/\/www.iszn.ch\/?s={search_term_string}\"},\"query-input\":{\"@type\":\"PropertyValueSpecification\",\"valueRequired\":true,\"valueName\":\"search_term_string\"}}],\"inLanguage\":\"de-DE\"}]}<\/script>\n<!-- \/ Yoast SEO plugin. -->","yoast_head_json":{"title":"Kontaktieren Sie uns - ISZN Internationale Schule Schweiz","description":"Wenn Sie Fragen haben, w\u00fcrden wir uns freuen, von Ihnen zu h\u00f6ren. Kontaktieren Sie uns, damit wir Ihre Anfrage bearbeiten k\u00f6nnen. Wir werden uns innerhalb von 48 Stunden bei Ihnen melden.","robots":{"index":"index","follow":"follow","max-snippet":"max-snippet:-1","max-image-preview":"max-image-preview:large","max-video-preview":"max-video-preview:-1"},"canonical":"https:\/\/www.iszn.ch\/de\/kontaktieren-sie-uns\/","og_locale":"de_DE","og_type":"article","og_title":"Kontaktieren Sie uns - ISZN Internationale Schule Schweiz","og_description":"Wenn Sie Fragen haben, w\u00fcrden wir uns freuen, von Ihnen zu h\u00f6ren. Kontaktieren Sie uns, damit wir Ihre Anfrage bearbeiten k\u00f6nnen. Wir werden uns innerhalb von 48 Stunden bei Ihnen melden.","og_url":"https:\/\/www.iszn.ch\/de\/kontaktieren-sie-uns\/","og_site_name":"Primary &amp; Secondary British International School In Zurich - ISZN","article_modified_time":"2023-08-17T09:53:39+00:00","twitter_card":"summary_large_image","twitter_misc":{"Est. reading time":"1 minute"},"schema":{"@context":"https:\/\/schema.org","@graph":[{"@type":"WebPage","@id":"https:\/\/www.iszn.ch\/de\/kontaktieren-sie-uns\/","url":"https:\/\/www.iszn.ch\/de\/kontaktieren-sie-uns\/","name":"Kontaktieren Sie uns - ISZN Internationale Schule Schweiz","isPartOf":{"@id":"https:\/\/www.iszn.ch\/#website"},"datePublished":"2021-10-05T13:04:06+00:00","dateModified":"2023-08-17T09:53:39+00:00","description":"Wenn Sie Fragen haben, w\u00fcrden wir uns freuen, von Ihnen zu h\u00f6ren. Kontaktieren Sie uns, damit wir Ihre Anfrage bearbeiten k\u00f6nnen. Wir werden uns innerhalb von 48 Stunden bei Ihnen melden.","breadcrumb":{"@id":"https:\/\/www.iszn.ch\/de\/kontaktieren-sie-uns\/#breadcrumb"},"inLanguage":"de-DE","potentialAction":[{"@type":"ReadAction","target":["https:\/\/www.iszn.ch\/de\/kontaktieren-sie-uns\/"]}]},{"@type":"BreadcrumbList","@id":"https:\/\/www.iszn.ch\/de\/kontaktieren-sie-uns\/#breadcrumb","itemListElement":[{"@type":"ListItem","position":1,"name":"Home","item":"https:\/\/www.iszn.ch\/"},{"@type":"ListItem","position":2,"name":"Kontaktieren Sie uns"}]},{"@type":"WebSite","@id":"https:\/\/www.iszn.ch\/#website","url":"https:\/\/www.iszn.ch\/","name":"Primary &amp; Secondary British International School In Zurich - ISZN","description":"","potentialAction":[{"@type":"SearchAction","target":{"@type":"EntryPoint","urlTemplate":"https:\/\/www.iszn.ch\/?s={search_term_string}"},"query-input":{"@type":"PropertyValueSpecification","valueRequired":true,"valueName":"search_term_string"}}],"inLanguage":"de-DE"}]}},"jetpack_sharing_enabled":true,"_links":{"self":[{"href":"https:\/\/www.iszn.ch\/de\/wp-json\/wp\/v2\/pages\/15656","targetHints":{"allow":["GET"]}}],"collection":[{"href":"https:\/\/www.iszn.ch\/de\/wp-json\/wp\/v2\/pages"}],"about":[{"href":"https:\/\/www.iszn.ch\/de\/wp-json\/wp\/v2\/types\/page"}],"author":[{"embeddable":true,"href":"https:\/\/www.iszn.ch\/de\/wp-json\/wp\/v2\/users\/390"}],"replies":[{"embeddable":true,"href":"https:\/\/www.iszn.ch\/de\/wp-json\/wp\/v2\/comments?post=15656"}],"version-history":[{"count":8,"href":"https:\/\/www.iszn.ch\/de\/wp-json\/wp\/v2\/pages\/15656\/revisions"}],"predecessor-version":[{"id":15956,"href":"https:\/\/www.iszn.ch\/de\/wp-json\/wp\/v2\/pages\/15656\/revisions\/15956"}],"wp:attachment":[{"href":"https:\/\/www.iszn.ch\/de\/wp-json\/wp\/v2\/media?parent=15656"}],"curies":[{"name":"wp","href":"https:\/\/api.w.org\/{rel}","templated":true}]}}