
     {"id":15673,"date":"2021-10-18T13:08:00","date_gmt":"2021-10-18T13:08:00","guid":{"rendered":"https:\/\/www.iszn.ch\/careers\/"},"modified":"2026-02-04T08:28:04","modified_gmt":"2026-02-04T08:28:04","slug":"karriere","status":"publish","type":"page","link":"https:\/\/www.iszn.ch\/de\/karriere\/","title":{"rendered":"Karriere"},"content":{"rendered":"<div class=\"wpb-content-wrapper\"><p>[vc_row][vc_column]<section  class=\"bg-video-wrap hero section hero--centertext  small-header \" style='background: url(https:\/\/www.iszn.ch\/wp-content\/uploads\/sites\/105\/2025\/11\/ISZN_GENESIS_LR-47-1.jpg) top ;background-size:cover ;'>\n                <div class=\"bg-overlay\" style='background:#1c2f41;opacity:0.3;'><\/div>\n                <div class=\"overlay\" >\n                  <div class=\"container-fluid\">\n                    <div class=\"row\">\n                      <div class=\"col-md-12 col-lg-12\">\n\n                        <div class=\"caption text-start\"><div class=\"component sub-heading\" >\n                              <h1 class=\"display-h1\"><b>KARRIERE<\/b><\/h1>\n                            <\/div><\/div>\n                      <\/div>\n                    <\/div>\n                  <\/div>\n                <\/div>\n              <\/section><div class='row  m-x-0 breadcrumb-wrap ' style=''><div class='container-fluid' >\n                <nav aria-label='breadcrumb'><ol class=\"breadcrumb mt-3\">\n                  <li class=\"breadcrumb-item\"><a href=\"https:\/\/www.iszn.ch\/de\/\">Home<\/a><\/li>\n                  <li class=\"breadcrumb-item active\" aria-current=\"page\">Karriere<\/li>\n                <\/ol>\n              <\/nav>\n              <\/div>\n            <\/div>[\/vc_column][\/vc_row][vc_row][vc_column]<div class=\"wrapper\"><section  style='' class=\"section    pb-0 container-width \"><div class=\"container-fluid\"><div class=\"row m-0 align-items-center centerText \" >\n                        <div class=\"col-sm-12 col-md-10 col-lg-9 mx-auto\"><div class=\"sub-heading component\">\n                                        <h2 class=\"h5\">F\u00fcr die ISZN arbeiten<\/h2>\n                                    <\/div><div class=\"sub-heading component\"><p>Wir suchen engagierte und leidenschaftliche Menschen, die unserem Team beitreten und jedem Sch\u00fcler helfen, das Beste aus sich herauszuholen.<\/p>\n<p>Hier an der ISZN ist jedes Mitglied des Teams bestrebt, jedem Sch\u00fcler eine au\u00dfergew\u00f6hnliche Bildungserfahrung zu bieten.<\/p>\n<p>Wenn Sie das Gef\u00fchl haben, dass Sie die F\u00e4higkeiten und die Einstellung haben, dem Team beizutreten und die Entwicklung unserer Sch\u00fcler positiv zu beeinflussen, werfen Sie einen Blick auf die derzeit verf\u00fcgbaren Stellen.<\/p>\n<p>&nbsp;<\/p>\n<p><b><strong>Bitte sehen Sie unsere aktuellen Stellenangebote und bewerben Sie sich hier:<\/strong><\/b><\/p>\n<\/div><div class=\"component link\"><a href=\"https:\/\/cognitapeople.csod.com\/ux\/ats\/careersite\/1\/home?c=cognitapeople\" class=\" btn btn-link\" target=\"_blank\">KARRIERE<\/a><\/div><div class=\"flex-button\"><\/div><style>\n                        .flex-button {\n                        margin-top: 25px;\n                    } \n                        \n                    @media (max-width: 767px){\n                     .flex-button {\n                      display: block;\n                      margin-left: 0;\n                    }\n                    .flex-button .text-center{\n                     text-align: left !important;\n                    }\n                    }\n\n\n                        <\/style><\/div><\/div><\/section><\/div>[\/vc_column][\/vc_row][vc_row css=&#8221;.vc_custom_1689081580445{background-image: url(https:\/\/www.iszn.ch\/wp-content\/uploads\/sites\/105\/2023\/06\/cover.png?id=13855) !important;background-position: center !important;background-repeat: no-repeat !important;background-size: cover !important;}&#8221;][vc_column]\n            <div class=\"wrapper\"><section  class=\"section  container-width   \" style=''>\n                <div class=\"container-fluid\">\n                    <div class=\"row m-0\">\n                        <div class=\"col-md-12\">\n                            <div class=\"component\">\n                                <div class=\"accordion\" id=\"accordion\"><div class=\"accordion-item\">\n                                  <div class=\"h2 accordion-header\" id=\"heading1\">\n                                    <button class=\"accordion-button\" type=\"button\" data-bs-toggle=\"collapse\" data-bs-target=\"#collapse1\" aria-expanded=\"false\" aria-controls=\"collapse1\">\n                                      Klassenlehrer\/in f\u00fcr Deutsch\n                                    <\/button>\n                                  <\/div>\n                                  <div id=\"collapse1\" class=\"accordion-collapse collapse\" aria-labelledby=\"heading1\" data-bs-parent=\"#accordion\">\n                                    <div class=\"accordion-body\"><div class=\"component link\"><div class=\"component link\"><a href=\"https:\/\/www.iszn.ch\/wp-content\/uploads\/sites\/105\/2026\/01\/German-Homeroom-Teacher-Jan-26-En-de.pdf\" class=\" btn btn-primary\" target=\"_blank\">Stellenbeschreibung ansehen<\/a><\/div> <\/div><\/div>\n                                <\/div>\n                            <\/div><\/div>\n                           <\/div>\n                        <\/div>\n                    <\/div>\n                <\/div>\n            <\/section>\n            <\/div>\n            <div class=\"wrapper\"><section  class=\"section  container-width   \" style=''>\n                <div class=\"container-fluid\">\n                    <div class=\"row m-0\">\n                        <div class=\"col-md-12\">\n                            <div class=\"component\">\n                                <div class=\"accordion\" id=\"accordion\"><div class=\"accordion-item\">\n                                  <div class=\"h2 accordion-header\" id=\"heading1\">\n                                    <button class=\"accordion-button\" type=\"button\" data-bs-toggle=\"collapse\" data-bs-target=\"#collapse1\" aria-expanded=\"false\" aria-controls=\"collapse1\">\n                                      Lehrkr\u00e4fte f\u00fcr Vertretungsstunden (Primarschule)\n                                    <\/button>\n                                  <\/div>\n                                  <div id=\"collapse1\" class=\"accordion-collapse collapse\" aria-labelledby=\"heading1\" data-bs-parent=\"#accordion\">\n                                    <div class=\"accordion-body\"> <div class=\"component\">\n                                            <p class=\"body-medium\">We are looking for qualified teachers to add to our Substitution Teacher list.\n\nWenn Sie unsere Primarschulklassen zu Zeiten abdecken k\u00f6nnen, in denen wir Lehrervertretung ben\u00f6tigen, senden Sie bitte Ihr ausgef\u00fclltes Bewerbungsformular an kate.fraser@cognita.com.<\/p>\n                                        <\/div><div class=\"component link\"><div class=\"component link\"><a href=\"https:\/\/www.iszn.ch\/wp-content\/uploads\/sites\/105\/2023\/07\/Application-Form-Switzerland.docx\" class=\" btn btn-primary\" target=\"_blank\">Application Form<\/a><\/div> <\/div><\/div>\n                                <\/div>\n                            <\/div><\/div>\n                           <\/div>\n                        <\/div>\n                    <\/div>\n                <\/div>\n            <\/section>\n            <\/div>[\/vc_column][\/vc_row][vc_row][vc_column]\n    <section  style='' class=\"section  wpb_animate_when_almost_visible wpb_fadeInUp fadeInUp       \" ><div class=\"container-fluid\"><div class=\"row  justify-content-between  \"><div class=\" col-lg-6 col-md-6      \" ><div class=\"component mb-1 mt-0  radius-bottom-LR \" style='px'><div class=\"sub-heading component\"><h2  class=\"h7  fst-normal\">Vertretungslehrer<\/h2><\/div>\n                        <div class=\"sub-heading component \">\n                        <p class=\"body-medium\">Wir erweitern st\u00e4ndig unsere Datenbank an Vertretungslehrern f\u00fcr die Primarschule. Wenn Sie verf\u00fcgbar w\u00e4ren, senden Sie uns bitte ein ausgef\u00fclltes Anmeldeformular an unsere Personalabteilung - <b>hr@iszn.ch<\/b>.<\/p>\n                        <\/div><\/div><\/div>\n                    <div class=\"col-lg-5 col-md-6    \"><div class=\"component single-img \"><div class=\"ratio ratio-4x3 callout-img halfcol--img image_overlay_8443\" style=\"background-image: url(https:\/\/www.iszn.ch\/wp-content\/uploads\/sites\/105\/2023\/07\/ISZN_GENESIS_LR-205.jpg);\"><\/div><\/div> <\/div>\n             <\/div>\n        <\/div>\n<\/section>[\/vc_column][\/vc_row][vc_row][vc_column]\n            <div class=\"wrapper\">\n    <section  style='' class=\"section    container-width pb-0   \" ><div class=\"container-fluid\"><div class=\"row\">\n                <div class=\"col-md-12 col-lg-10\"> <div class=\"component heading\">\n                     <h2 class=\"h4\">N\u00c4CHSTE SCHRITTE:<\/h2>\n                 <\/div><\/div>\n                <\/div><div class=\"row   pt-3 pt-md-5 \"><div class=\" col-lg-6 col-md-6      \" ><\/div>\n                    <div class=\"col-lg-6 col-md-6    \"> <\/div>\n             <\/div>\n        <\/div>\n<\/section>\n            <\/div><div class=\"wrapper\"><section  class=\"section  container-width no-container pt-0 middle-section \" style='margin-top:-40px;'><div class=\"container-fluid \" ><div class=\"row m-0 justify-content-center pt-3 pt-md-3\"><div class=\"col-lg-3 col-md-3 col-sm-3 mb-3 pb-2\">\n                            <div class=\"card card--white tech-images next-steps-module  thumbnail_img_overlay_5215\">   <a class=\"\" href = \"\/de\/tag-der-offenen-tur-schultouren\/\" ><div class=\"ratio  callout-img halfcol--img leftBottom-content\" style=\"background-image: url(https:\/\/www.iszn.ch\/wp-content\/uploads\/sites\/105\/2023\/07\/ISZN_GENESIS_LR-267.jpg);background-position:;\">\n                                 \n                                 <div class=\"img-overlay \">\n                                 \n                                     <div class=\"heading component\">\n                                         <h5 class=\"h5\" >Tag der Offenen T\u00fcr & Touren<\/h5>\n                                     <\/div>\n                                   \n                                \n                             <\/div>\n                                 \n                                 <\/div><\/a>\n                            <\/div>\n                        <\/div><div class=\"col-lg-3 col-md-3 col-sm-3 mb-3 pb-2\">\n                            <div class=\"card card--white tech-images next-steps-module  thumbnail_img_overlay_6463\">   <a class=\"\" href = \"\/de\/akademische-exzellenz\/\" ><div class=\"ratio  callout-img halfcol--img leftBottom-content\" style=\"background-image: url(https:\/\/www.iszn.ch\/wp-content\/uploads\/sites\/105\/2023\/07\/ISZN_GENESIS_LR-321.jpg);background-position:;\">\n                                 \n                                 <div class=\"img-overlay \">\n                                 \n                                     <div class=\"heading component\">\n                                         <h5 class=\"h5\" >Herausragendes Lernen<\/h5>\n                                     <\/div>\n                                   \n                                \n                             <\/div>\n                                 \n                                 <\/div><\/a>\n                            <\/div>\n                        <\/div><div class=\"col-lg-3 col-md-3 col-sm-3 mb-3 pb-2\">\n                            <div class=\"card card--white tech-images next-steps-module  thumbnail_img_overlay_9336\">   <a class=\"\" href = \"\/de\/raumlichkeiten-lage\/\" ><div class=\"ratio  callout-img halfcol--img leftBottom-content\" style=\"background-image: url(https:\/\/www.iszn.ch\/wp-content\/uploads\/sites\/105\/2023\/07\/ISZN_GENESIS_LR-145.jpg);background-position:;\">\n                                 \n                                 <div class=\"img-overlay \">\n                                 \n                                     <div class=\"heading component\">\n                                         <h5 class=\"h5\" >R\u00e4umlichkeiten & Lage<\/h5>\n                                     <\/div>\n                                   \n                                \n                             <\/div>\n                                 \n                                 <\/div><\/a>\n                            <\/div>\n                        <\/div><div class=\"col-lg-3 col-md-3 col-sm-3 mb-3 pb-2\">\n                            <div class=\"card card--white tech-images next-steps-module  thumbnail_img_overlay_2198\">   <a class=\"\" href = \"\/de\/zulassung-und-gebuhren\/\" ><div class=\"ratio  callout-img halfcol--img leftBottom-content\" style=\"background-image: url(https:\/\/www.iszn.ch\/wp-content\/uploads\/sites\/105\/2025\/09\/IMG_7445-1.jpeg);background-position:;\">\n                                 \n                                 <div class=\"img-overlay \">\n                                 \n                                     <div class=\"heading component\">\n                                         <h5 class=\"h5\" >Anmeldung<\/h5>\n                                     <\/div>\n                                   \n                                \n                             <\/div>\n                                 \n                                 <\/div><\/a>\n                            <\/div>\n                        <\/div><\/div><\/div>\n            <\/section><\/div>[\/vc_column][\/vc_row]<\/p>\n<\/div>","protected":false},"excerpt":{"rendered":"<p>[vc_row][vc_column][\/vc_column][\/vc_row][vc_row][vc_column][\/vc_column][\/vc_row][vc_row css=&#8221;.vc_custom_1689081580445{background-image: url(https:\/\/www.iszn.ch\/wp-content\/uploads\/sites\/105\/2023\/06\/cover.png?id=13855) !important;background-position: center !important;background-repeat: no-repeat !important;background-size: cover !important;}&#8221;][vc_column][\/vc_column][\/vc_row][vc_row][vc_column][\/vc_column][\/vc_row][vc_row][vc_column][\/vc_column][\/vc_row]<\/p>\n","protected":false},"author":390,"featured_media":0,"parent":0,"menu_order":0,"comment_status":"closed","ping_status":"closed","template":"","meta":{"_acf_changed":false,"footnotes":""},"class_list":["post-15673","page","type-page","status-publish","hentry"],"acf":[],"yoast_head":"<!-- This site is optimized with the Yoast SEO plugin v26.5 - https:\/\/yoast.com\/wordpress\/plugins\/seo\/ -->\n<title>Internationale Schulsjobs - Karriere bei der ISZN International School<\/title>\n<meta name=\"description\" content=\"Hier an der ISZN sind wir darauf spezialisiert, jedem Sch\u00fcler eine au\u00dfergew\u00f6hnliche Bildungserfahrung zu bieten, und wir suchen leidenschaftliche Menschen, die sich unserem Team anschlie\u00dfen m\u00f6chten.\" \/>\n<meta name=\"robots\" content=\"index, follow, max-snippet:-1, max-image-preview:large, max-video-preview:-1\" \/>\n<link rel=\"canonical\" href=\"https:\/\/www.iszn.ch\/careers\/\" \/>\n<meta property=\"og:locale\" content=\"de_DE\" \/>\n<meta property=\"og:type\" content=\"article\" \/>\n<meta property=\"og:title\" content=\"Internationale Schulsjobs - Karriere bei der ISZN International School\" \/>\n<meta property=\"og:description\" content=\"Hier an der ISZN sind wir darauf spezialisiert, jedem Sch\u00fcler eine au\u00dfergew\u00f6hnliche Bildungserfahrung zu bieten, und wir suchen leidenschaftliche Menschen, die sich unserem Team anschlie\u00dfen m\u00f6chten.\" \/>\n<meta property=\"og:url\" content=\"https:\/\/www.iszn.ch\/careers\/\" \/>\n<meta property=\"og:site_name\" content=\"Primary &amp; Secondary British International School In Zurich - ISZN\" \/>\n<meta property=\"article:modified_time\" content=\"2026-02-04T08:28:04+00:00\" \/>\n<meta name=\"twitter:card\" content=\"summary_large_image\" \/>\n<meta name=\"twitter:label1\" content=\"Est. reading time\" \/>\n\t<meta name=\"twitter:data1\" content=\"1 minute\" \/>\n<script type=\"application\/ld+json\" class=\"yoast-schema-graph\">{\"@context\":\"https:\/\/schema.org\",\"@graph\":[{\"@type\":\"WebPage\",\"@id\":\"https:\/\/www.iszn.ch\/careers\/\",\"url\":\"https:\/\/www.iszn.ch\/careers\/\",\"name\":\"Internationale Schulsjobs - Karriere bei der ISZN International School\",\"isPartOf\":{\"@id\":\"https:\/\/www.iszn.ch\/#website\"},\"datePublished\":\"2021-10-18T13:08:00+00:00\",\"dateModified\":\"2026-02-04T08:28:04+00:00\",\"description\":\"Hier an der ISZN sind wir darauf spezialisiert, jedem Sch\u00fcler eine au\u00dfergew\u00f6hnliche Bildungserfahrung zu bieten, und wir suchen leidenschaftliche Menschen, die sich unserem Team anschlie\u00dfen m\u00f6chten.\",\"breadcrumb\":{\"@id\":\"https:\/\/www.iszn.ch\/careers\/#breadcrumb\"},\"inLanguage\":\"de-DE\",\"potentialAction\":[{\"@type\":\"ReadAction\",\"target\":[\"https:\/\/www.iszn.ch\/careers\/\"]}]},{\"@type\":\"BreadcrumbList\",\"@id\":\"https:\/\/www.iszn.ch\/careers\/#breadcrumb\",\"itemListElement\":[{\"@type\":\"ListItem\",\"position\":1,\"name\":\"Home\",\"item\":\"https:\/\/www.iszn.ch\/\"},{\"@type\":\"ListItem\",\"position\":2,\"name\":\"Karriere\"}]},{\"@type\":\"WebSite\",\"@id\":\"https:\/\/www.iszn.ch\/#website\",\"url\":\"https:\/\/www.iszn.ch\/\",\"name\":\"Primary &amp; Secondary British International School In Zurich - ISZN\",\"description\":\"\",\"potentialAction\":[{\"@type\":\"SearchAction\",\"target\":{\"@type\":\"EntryPoint\",\"urlTemplate\":\"https:\/\/www.iszn.ch\/?s={search_term_string}\"},\"query-input\":{\"@type\":\"PropertyValueSpecification\",\"valueRequired\":true,\"valueName\":\"search_term_string\"}}],\"inLanguage\":\"de-DE\"}]}<\/script>\n<!-- \/ Yoast SEO plugin. -->","yoast_head_json":{"title":"Internationale Schulsjobs - Karriere bei der ISZN International School","description":"Hier an der ISZN sind wir darauf spezialisiert, jedem Sch\u00fcler eine au\u00dfergew\u00f6hnliche Bildungserfahrung zu bieten, und wir suchen leidenschaftliche Menschen, die sich unserem Team anschlie\u00dfen m\u00f6chten.","robots":{"index":"index","follow":"follow","max-snippet":"max-snippet:-1","max-image-preview":"max-image-preview:large","max-video-preview":"max-video-preview:-1"},"canonical":"https:\/\/www.iszn.ch\/careers\/","og_locale":"de_DE","og_type":"article","og_title":"Internationale Schulsjobs - Karriere bei der ISZN International School","og_description":"Hier an der ISZN sind wir darauf spezialisiert, jedem Sch\u00fcler eine au\u00dfergew\u00f6hnliche Bildungserfahrung zu bieten, und wir suchen leidenschaftliche Menschen, die sich unserem Team anschlie\u00dfen m\u00f6chten.","og_url":"https:\/\/www.iszn.ch\/careers\/","og_site_name":"Primary &amp; Secondary British International School In Zurich - ISZN","article_modified_time":"2026-02-04T08:28:04+00:00","twitter_card":"summary_large_image","twitter_misc":{"Est. reading time":"1 minute"},"schema":{"@context":"https:\/\/schema.org","@graph":[{"@type":"WebPage","@id":"https:\/\/www.iszn.ch\/careers\/","url":"https:\/\/www.iszn.ch\/careers\/","name":"Internationale Schulsjobs - Karriere bei der ISZN International School","isPartOf":{"@id":"https:\/\/www.iszn.ch\/#website"},"datePublished":"2021-10-18T13:08:00+00:00","dateModified":"2026-02-04T08:28:04+00:00","description":"Hier an der ISZN sind wir darauf spezialisiert, jedem Sch\u00fcler eine au\u00dfergew\u00f6hnliche Bildungserfahrung zu bieten, und wir suchen leidenschaftliche Menschen, die sich unserem Team anschlie\u00dfen m\u00f6chten.","breadcrumb":{"@id":"https:\/\/www.iszn.ch\/careers\/#breadcrumb"},"inLanguage":"de-DE","potentialAction":[{"@type":"ReadAction","target":["https:\/\/www.iszn.ch\/careers\/"]}]},{"@type":"BreadcrumbList","@id":"https:\/\/www.iszn.ch\/careers\/#breadcrumb","itemListElement":[{"@type":"ListItem","position":1,"name":"Home","item":"https:\/\/www.iszn.ch\/"},{"@type":"ListItem","position":2,"name":"Karriere"}]},{"@type":"WebSite","@id":"https:\/\/www.iszn.ch\/#website","url":"https:\/\/www.iszn.ch\/","name":"Primary &amp; Secondary British International School In Zurich - ISZN","description":"","potentialAction":[{"@type":"SearchAction","target":{"@type":"EntryPoint","urlTemplate":"https:\/\/www.iszn.ch\/?s={search_term_string}"},"query-input":{"@type":"PropertyValueSpecification","valueRequired":true,"valueName":"search_term_string"}}],"inLanguage":"de-DE"}]}},"jetpack_sharing_enabled":true,"_links":{"self":[{"href":"https:\/\/www.iszn.ch\/de\/wp-json\/wp\/v2\/pages\/15673","targetHints":{"allow":["GET"]}}],"collection":[{"href":"https:\/\/www.iszn.ch\/de\/wp-json\/wp\/v2\/pages"}],"about":[{"href":"https:\/\/www.iszn.ch\/de\/wp-json\/wp\/v2\/types\/page"}],"author":[{"embeddable":true,"href":"https:\/\/www.iszn.ch\/de\/wp-json\/wp\/v2\/users\/390"}],"replies":[{"embeddable":true,"href":"https:\/\/www.iszn.ch\/de\/wp-json\/wp\/v2\/comments?post=15673"}],"version-history":[{"count":29,"href":"https:\/\/www.iszn.ch\/de\/wp-json\/wp\/v2\/pages\/15673\/revisions"}],"predecessor-version":[{"id":20340,"href":"https:\/\/www.iszn.ch\/de\/wp-json\/wp\/v2\/pages\/15673\/revisions\/20340"}],"wp:attachment":[{"href":"https:\/\/www.iszn.ch\/de\/wp-json\/wp\/v2\/media?parent=15673"}],"curies":[{"name":"wp","href":"https:\/\/api.w.org\/{rel}","templated":true}]}}