
     {"id":17744,"date":"2025-09-17T14:32:25","date_gmt":"2025-09-17T14:32:25","guid":{"rendered":"https:\/\/www.iszn.ch\/parent-portal-access\/"},"modified":"2026-02-25T13:55:02","modified_gmt":"2026-02-25T13:55:02","slug":"zugang-zum-elternportal","status":"publish","type":"page","link":"https:\/\/www.iszn.ch\/de\/zugang-zum-elternportal\/","title":{"rendered":"Zugang zum Elternportal"},"content":{"rendered":"<div class=\"wpb-content-wrapper\"><p>[vc_row][vc_column]<section  class=\"bg-video-wrap hero section hero--centertext  small-header \" style='background: url(https:\/\/www.iszn.ch\/wp-content\/uploads\/sites\/105\/2025\/05\/IMG_4024.jpg) center ;background-size:cover ;'>\n                <div class=\"bg-overlay\" style='background:#1c2f41;opacity:0.3;'><\/div>\n                <div class=\"overlay\" >\n                  <div class=\"container-fluid\">\n                    <div class=\"row\">\n                      <div class=\"col-md-12 col-lg-12\">\n\n                        <div class=\"caption text-start\"><div class=\"component sub-heading\" >\n                              <h1 class=\"display-h1\"><b>ISZN Zugang zum Elternportal<b><\/h1>\n                            <\/div><\/div>\n                      <\/div>\n                    <\/div>\n                  <\/div>\n                <\/div>\n              <\/section><div class='row  m-x-0 breadcrumb-wrap ' style=''><div class='container-fluid' >\n                <nav aria-label='breadcrumb'><ol class=\"breadcrumb mt-3\">\n                  <li class=\"breadcrumb-item\"><a href=\"https:\/\/www.iszn.ch\/de\/\">Home<\/a><\/li>\n                  <li class=\"breadcrumb-item active\" aria-current=\"page\">Zugang zum Elternportal<\/li>\n                <\/ol>\n              <\/nav>\n              <\/div>\n            <\/div>[\/vc_column][\/vc_row][vc_row][vc_column]\n            <div class=\"wrapper\">\n    <section  style='' class=\"section    container-width    \" ><div class=\"container-fluid\"><div class=\"row  justify-content-between  \"><div class=\" col-lg-6 col-md-6      \" ><div class=\"component mb-1 mt-0  radius-bottom-LR \" style='px'><div class=\"sub-heading component\"><h2  class=\"h7  fst-normal\">Mit dem ISZN Parent Portal auf dem Laufenden bleiben<\/h2><\/div>\n                        <div class=\"sub-heading component \">\n                        <p class=\"body-medium\">Unser iSAMS Parent Portal ist Ihre zentrale Anlaufstelle, um stets informiert und aktiv am Schulleben Ihres Kindes an der ISZN teilzunehmen. Vom Zugriff auf Berichte und Stundenpl\u00e4ne bis hin zum Erhalt wichtiger Mitteilungen und Updates \u2013 das Portal bietet Ihnen rund um die Uhr einen sicheren Zugang zu allen relevanten Informationen \u2013 alles an einem Ort.<br \/>\n<br \/>\nMit seiner klaren Struktur und der einfachen Navigation hilft Ihnen das Parent Portal, w\u00e4hrend des gesamten Schuljahres bestens vernetzt, organisiert und auf dem Laufenden zu bleiben.<\/p>\n                        <\/div><\/div><div class=\"component link\"><a href=\"https:\/\/zurichnorth.parents.isams.cloud\/\" class=\" btn btn-link\" target=\"_blank\">Zum ISZN Parent Portal (auf Englisch)<\/a><\/div><\/div>\n                    <div class=\"col-lg-5 col-md-6    \"><div class=\"component fee-table\"><table class=\"table\">\n                                <thead>\n                                    <tr>\n                                        <th  class=\"\">Funktionen des iSAMS Parent Portals<\/th>\n                                        <th  class=\"\"><\/th><\/tr>\n                                <\/thead>\n                                <tbody><tr>\n                                        <td class=\"fst-normal\" >Einsicht in Stundenpl\u00e4ne<\/td>\n                                        <td class=\"text-left text-md-right \" ><\/td><\/tr><tr>\n                                        <td class=\"fst-normal\" >Einsicht in Noten und Berichte<\/td>\n                                        <td class=\"text-left text-md-right \" ><\/td><\/tr><tr>\n                                        <td class=\"\" >Zugriff auf den Schulkalender (Ferien, Veranstaltungen)<\/td>\n                                        <td class=\"text-left text-md-right \" ><\/td><\/tr><tr>\n                                        <td class=\"\" >Hochladen\/Herunterladen offizieller Dokumente\/Formulare<\/td>\n                                        <td class=\"text-left text-md-right \" ><\/td><\/tr><tr>\n                                        <td class=\"fst-normal\" >Anwesenheit einsehen & Krankmeldungen pr\u00fcfen<\/td>\n                                        <td class=\"text-left text-md-right \" ><\/td><\/tr><tr>\n                                        <td class=\"\" >Gruppenmitteilungen<\/td>\n                                        <td class=\"text-left text-md-right \" ><\/td><\/tr><tr>\n                                        <td class=\"\" >Direkte Nachrichten zwischen Eltern und Lehrpersonen<\/td>\n                                        <td class=\"text-left text-md-right \" ><\/td><\/tr><tr>\n                                        <td class=\"\" >Einsicht in iGCSE- und A-Level-Pr\u00fcfungspl\u00e4ne, Anmeldungen, Stundenpl\u00e4ne & Resultate<\/td>\n                                        <td class=\"text-left text-md-right \" ><\/td><\/tr><tr>\n                                        <td class=\"\" >Einsicht in die Belohnungs- und Verhaltensaufzeichnungen Ihres Kindes<\/td>\n                                        <td class=\"text-left text-md-right \" ><\/td><\/tr><\/tbody>\n                            <\/table>\n                        <\/div> <\/div>\n             <\/div>\n        <\/div>\n<\/section>\n            <\/div>[\/vc_column][\/vc_row][vc_row][vc_column][vc_column_text]<\/b><\/b>[\/vc_column_text][\/vc_column][\/vc_row]<\/p>\n<\/div>","protected":false},"excerpt":{"rendered":"<p>[vc_row][vc_column][\/vc_column][\/vc_row][vc_row][vc_column][\/vc_column][\/vc_row][vc_row][vc_column][vc_column_text][\/vc_column_text][\/vc_column][\/vc_row]<\/p>\n","protected":false},"author":612,"featured_media":0,"parent":0,"menu_order":0,"comment_status":"closed","ping_status":"closed","template":"","meta":{"_acf_changed":false,"footnotes":""},"class_list":["post-17744","page","type-page","status-publish","hentry"],"acf":[],"yoast_head":"<!-- This site is optimized with the Yoast SEO plugin v27.4 - https:\/\/yoast.com\/product\/yoast-seo-wordpress\/ -->\n<title>Zugang zum Elternportal - Primary &amp; Secondary British International School In Zurich - ISZN<\/title>\n<meta name=\"description\" content=\"Im iSAMS Elternportal von ISZN finden Sie Berichte, Stundenpl\u00e4ne sowie Mitteilungen und Updates \u2013 sicher, \u00fcbersichtlich und jederzeit verf\u00fcgbar, damit Sie im Schulalltag verbunden bleiben.\" \/>\n<meta name=\"robots\" content=\"index, follow, max-snippet:-1, max-image-preview:large, max-video-preview:-1\" \/>\n<link rel=\"canonical\" href=\"https:\/\/www.iszn.ch\/parent-portal-access\/\" \/>\n<meta property=\"og:locale\" content=\"de_DE\" \/>\n<meta property=\"og:type\" content=\"article\" \/>\n<meta property=\"og:title\" content=\"Zugang zum Elternportal - Primary &amp; Secondary British International School In Zurich - ISZN\" \/>\n<meta property=\"og:description\" content=\"Im iSAMS Elternportal von ISZN finden Sie Berichte, Stundenpl\u00e4ne sowie Mitteilungen und Updates \u2013 sicher, \u00fcbersichtlich und jederzeit verf\u00fcgbar, damit Sie im Schulalltag verbunden bleiben.\" \/>\n<meta property=\"og:url\" content=\"https:\/\/www.iszn.ch\/parent-portal-access\/\" \/>\n<meta property=\"og:site_name\" content=\"Primary &amp; Secondary British International School In Zurich - ISZN\" \/>\n<meta property=\"article:modified_time\" content=\"2026-02-25T13:55:02+00:00\" \/>\n<meta name=\"twitter:card\" content=\"summary_large_image\" \/>\n<meta name=\"twitter:label1\" content=\"Est. reading time\" \/>\n\t<meta name=\"twitter:data1\" content=\"1 minute\" \/>\n<script type=\"application\/ld+json\" class=\"yoast-schema-graph\">{\"@context\":\"https:\\\/\\\/schema.org\",\"@graph\":[{\"@type\":\"WebPage\",\"@id\":\"https:\\\/\\\/www.iszn.ch\\\/parent-portal-access\\\/\",\"url\":\"https:\\\/\\\/www.iszn.ch\\\/parent-portal-access\\\/\",\"name\":\"Zugang zum Elternportal - Primary &amp; Secondary British International School In Zurich - ISZN\",\"isPartOf\":{\"@id\":\"https:\\\/\\\/www.iszn.ch\\\/#website\"},\"datePublished\":\"2025-09-17T14:32:25+00:00\",\"dateModified\":\"2026-02-25T13:55:02+00:00\",\"description\":\"Im iSAMS Elternportal von ISZN finden Sie Berichte, Stundenpl\u00e4ne sowie Mitteilungen und Updates \u2013 sicher, \u00fcbersichtlich und jederzeit verf\u00fcgbar, damit Sie im Schulalltag verbunden bleiben.\",\"breadcrumb\":{\"@id\":\"https:\\\/\\\/www.iszn.ch\\\/parent-portal-access\\\/#breadcrumb\"},\"inLanguage\":\"de-DE\",\"potentialAction\":[{\"@type\":\"ReadAction\",\"target\":[\"https:\\\/\\\/www.iszn.ch\\\/parent-portal-access\\\/\"]}]},{\"@type\":\"BreadcrumbList\",\"@id\":\"https:\\\/\\\/www.iszn.ch\\\/parent-portal-access\\\/#breadcrumb\",\"itemListElement\":[{\"@type\":\"ListItem\",\"position\":1,\"name\":\"Home\",\"item\":\"https:\\\/\\\/www.iszn.ch\\\/\"},{\"@type\":\"ListItem\",\"position\":2,\"name\":\"Zugang zum Elternportal\"}]},{\"@type\":\"WebSite\",\"@id\":\"https:\\\/\\\/www.iszn.ch\\\/#website\",\"url\":\"https:\\\/\\\/www.iszn.ch\\\/\",\"name\":\"Primary &amp; Secondary British International School In Zurich - ISZN\",\"description\":\"\",\"potentialAction\":[{\"@type\":\"SearchAction\",\"target\":{\"@type\":\"EntryPoint\",\"urlTemplate\":\"https:\\\/\\\/www.iszn.ch\\\/?s={search_term_string}\"},\"query-input\":{\"@type\":\"PropertyValueSpecification\",\"valueRequired\":true,\"valueName\":\"search_term_string\"}}],\"inLanguage\":\"de-DE\"}]}<\/script>\n<!-- \/ Yoast SEO plugin. -->","yoast_head_json":{"title":"Zugang zum Elternportal - Primary &amp; Secondary British International School In Zurich - ISZN","description":"Im iSAMS Elternportal von ISZN finden Sie Berichte, Stundenpl\u00e4ne sowie Mitteilungen und Updates \u2013 sicher, \u00fcbersichtlich und jederzeit verf\u00fcgbar, damit Sie im Schulalltag verbunden bleiben.","robots":{"index":"index","follow":"follow","max-snippet":"max-snippet:-1","max-image-preview":"max-image-preview:large","max-video-preview":"max-video-preview:-1"},"canonical":"https:\/\/www.iszn.ch\/parent-portal-access\/","og_locale":"de_DE","og_type":"article","og_title":"Zugang zum Elternportal - Primary &amp; Secondary British International School In Zurich - ISZN","og_description":"Im iSAMS Elternportal von ISZN finden Sie Berichte, Stundenpl\u00e4ne sowie Mitteilungen und Updates \u2013 sicher, \u00fcbersichtlich und jederzeit verf\u00fcgbar, damit Sie im Schulalltag verbunden bleiben.","og_url":"https:\/\/www.iszn.ch\/parent-portal-access\/","og_site_name":"Primary &amp; Secondary British International School In Zurich - ISZN","article_modified_time":"2026-02-25T13:55:02+00:00","twitter_card":"summary_large_image","twitter_misc":{"Est. reading time":"1 minute"},"schema":{"@context":"https:\/\/schema.org","@graph":[{"@type":"WebPage","@id":"https:\/\/www.iszn.ch\/parent-portal-access\/","url":"https:\/\/www.iszn.ch\/parent-portal-access\/","name":"Zugang zum Elternportal - Primary &amp; Secondary British International School In Zurich - ISZN","isPartOf":{"@id":"https:\/\/www.iszn.ch\/#website"},"datePublished":"2025-09-17T14:32:25+00:00","dateModified":"2026-02-25T13:55:02+00:00","description":"Im iSAMS Elternportal von ISZN finden Sie Berichte, Stundenpl\u00e4ne sowie Mitteilungen und Updates \u2013 sicher, \u00fcbersichtlich und jederzeit verf\u00fcgbar, damit Sie im Schulalltag verbunden bleiben.","breadcrumb":{"@id":"https:\/\/www.iszn.ch\/parent-portal-access\/#breadcrumb"},"inLanguage":"de-DE","potentialAction":[{"@type":"ReadAction","target":["https:\/\/www.iszn.ch\/parent-portal-access\/"]}]},{"@type":"BreadcrumbList","@id":"https:\/\/www.iszn.ch\/parent-portal-access\/#breadcrumb","itemListElement":[{"@type":"ListItem","position":1,"name":"Home","item":"https:\/\/www.iszn.ch\/"},{"@type":"ListItem","position":2,"name":"Zugang zum Elternportal"}]},{"@type":"WebSite","@id":"https:\/\/www.iszn.ch\/#website","url":"https:\/\/www.iszn.ch\/","name":"Primary &amp; Secondary British International School In Zurich - ISZN","description":"","potentialAction":[{"@type":"SearchAction","target":{"@type":"EntryPoint","urlTemplate":"https:\/\/www.iszn.ch\/?s={search_term_string}"},"query-input":{"@type":"PropertyValueSpecification","valueRequired":true,"valueName":"search_term_string"}}],"inLanguage":"de-DE"}]}},"jetpack_sharing_enabled":true,"_links":{"self":[{"href":"https:\/\/www.iszn.ch\/de\/wp-json\/wp\/v2\/pages\/17744","targetHints":{"allow":["GET"]}}],"collection":[{"href":"https:\/\/www.iszn.ch\/de\/wp-json\/wp\/v2\/pages"}],"about":[{"href":"https:\/\/www.iszn.ch\/de\/wp-json\/wp\/v2\/types\/page"}],"author":[{"embeddable":true,"href":"https:\/\/www.iszn.ch\/de\/wp-json\/wp\/v2\/users\/612"}],"replies":[{"embeddable":true,"href":"https:\/\/www.iszn.ch\/de\/wp-json\/wp\/v2\/comments?post=17744"}],"version-history":[{"count":8,"href":"https:\/\/www.iszn.ch\/de\/wp-json\/wp\/v2\/pages\/17744\/revisions"}],"predecessor-version":[{"id":20939,"href":"https:\/\/www.iszn.ch\/de\/wp-json\/wp\/v2\/pages\/17744\/revisions\/20939"}],"wp:attachment":[{"href":"https:\/\/www.iszn.ch\/de\/wp-json\/wp\/v2\/media?parent=17744"}],"curies":[{"name":"wp","href":"https:\/\/api.w.org\/{rel}","templated":true}]}}